{"id":29685,"date":"2024-06-27T19:49:22","date_gmt":"2024-06-28T00:49:22","guid":{"rendered":"https:\/\/estulin.media\/?post_type=product&#038;p=29685"},"modified":"2024-07-18T23:16:47","modified_gmt":"2024-07-19T04:16:47","slug":"webinar-el-gran-engano-la-verdadera-historia-oculta","status":"publish","type":"product","link":"https:\/\/estulin.media\/en\/product\/webinar-el-gran-engano-la-verdadera-historia-oculta\/","title":{"rendered":"Webinar El Gran Enga\u00f1o: La Verdadera Historia Oculta"},"content":{"rendered":"<p>El 24 de junio de 1717, bajo el reinado de Jorge I, se form\u00f3 la Gran Logia de Inglaterra durante una reuni\u00f3n de logias mas\u00f3nicas. Este evento marc\u00f3 el comienzo de la masoner\u00eda moderna, convirti\u00e9ndose en una herramienta clave para Gran Breta\u00f1a durante los siguientes 300 a\u00f1os.<span class=\"Apple-converted-space\">\u00a0<\/span><\/p>\n<p>En este webinar, exploraremos el papel de las logias mas\u00f3nicas en la formaci\u00f3n de la clase dominante occidental y su influencia en los principales acontecimientos hist\u00f3ricos en todos los \u00e1mbitos de la vida pol\u00edtica y p\u00fablica.<\/p>\n<p>Este webinar promete ofrecer una visi\u00f3n profunda y reveladora de c\u00f3mo las ense\u00f1anzas esot\u00e9ricas ocultas y las organizaciones secretas han moldeado y siguen influyendo en la pol\u00edtica y la sociedad moderna.<span class=\"Apple-converted-space\">\u00a0<\/span><\/p>\n<p>Desde la formaci\u00f3n de la masoner\u00eda moderna hasta los objetivos del Vaticano y la influencia del conocimiento m\u00edstico antiguo, exploraremos las verdades ocultas detr\u00e1s de los eventos m\u00e1s significativos de la historia.<\/p>\n<p><b>Temas Principales<\/b><\/p>\n<p>1. Las Logias Mas\u00f3nicas y la Formaci\u00f3n de la Clase Dominante Occidental:<\/p>\n<p><span class=\"Apple-converted-space\">\u00a0\u00a0 <\/span>&#8211; Influencia en la Revoluci\u00f3n Francesa, Napole\u00f3n y la Revoluci\u00f3n Rusa.<\/p>\n<p><span class=\"Apple-converted-space\">\u00a0\u00a0 <\/span>&#8211; Impacto en la Declaraci\u00f3n de Independencia de Estados Unidos.<\/p>\n<p><span class=\"Apple-converted-space\">\u00a0\u00a0 <\/span>&#8211; V\u00ednculos entre los Jesuitas, los Illuminati, el Vaticano y la masoner\u00eda.<\/p>\n<p><b>2. El Papel Oculto del Vaticano:<\/b><\/p>\n<p><span class=\"Apple-converted-space\">\u00a0\u00a0 <\/span>&#8211; Influencia en la pol\u00edtica global y la conciencia religiosa mundial.<\/p>\n<p><span class=\"Apple-converted-space\">\u00a0\u00a0 <\/span>&#8211; El Vaticano como epicentro del poder cat\u00f3lico y sus verdaderos objetivos.<\/p>\n<p><span class=\"Apple-converted-space\">\u00a0\u00a0 <\/span>&#8211; La b\u00fasqueda de una \u00fanica religi\u00f3n mundial.<\/p>\n<p><b>3. Misticismo y Esc\u00e1ndalos:<\/b><\/p>\n<p><span class=\"Apple-converted-space\">\u00a0\u00a0 <\/span>&#8211; Influencia de las ense\u00f1anzas esot\u00e9ricas ocultas en la pol\u00edtica moderna.<\/p>\n<p><span class=\"Apple-converted-space\">\u00a0\u00a0 <\/span>&#8211; La supervivencia del conocimiento de los sacerdotes egipcios y m\u00edsticos antiguos.<\/p>\n<p><span class=\"Apple-converted-space\">\u00a0\u00a0 <\/span>&#8211; Eliminaci\u00f3n de quienes intentan revelar estos secretos, como Stanley Kubrick, Mircea Eliade y Ioan Petru Culianu.<\/p>\n<p><b>4. La Ideolog\u00eda de la Elite Gobernante Mundial:<\/b><\/p>\n<p><span class=\"Apple-converted-space\">\u00a0\u00a0 <\/span>&#8211; El desarrollo y la pr\u00e1ctica del conocimiento oculto por la \u00e9lite.<\/p>\n<p><span class=\"Apple-converted-space\">\u00a0\u00a0 <\/span>&#8211; Los verdaderos objetivos y planes detr\u00e1s de estas pr\u00e1cticas esot\u00e9ricas.<\/p>\n<p><b>Tem\u00e1ticas Espec\u00edficas<\/b><\/p>\n<p><b>1. Gran Enga\u00f1o:<\/b><\/p>\n<p><span class=\"Apple-converted-space\">\u00a0\u00a0 <\/span>&#8211; Desentra\u00f1ando las mentiras y verdades ocultas detr\u00e1s de las organizaciones mas\u00f3nicas y religiosas.<\/p>\n<p><b>2. El Neohinduismo y los Or\u00edgenes de la New Age:<\/b><\/p>\n<p><span class=\"Apple-converted-space\">\u00a0\u00a0 <\/span>&#8211; C\u00f3mo las filosof\u00edas orientales han influido en las corrientes esot\u00e9ricas modernas.<\/p>\n<p><b>3. Lo que no Sab\u00edas sobre los Masones:<\/b><\/p>\n<p><span class=\"Apple-converted-space\">\u00a0\u00a0 <\/span>&#8211; Revelando los secretos y pr\u00e1cticas ocultas de las logias mas\u00f3nicas.<\/p>\n<p><b>4. Los Sirvientes del Diablo:<\/b><\/p>\n<p><span class=\"Apple-converted-space\">\u00a0\u00a0 <\/span>&#8211; An\u00e1lisis de las acusaciones de satanismo y pr\u00e1cticas oscuras.<\/p>\n<p><b>5. Ordo Ab Chao:<\/b><\/p>\n<p><span class=\"Apple-converted-space\">\u00a0\u00a0 <\/span>&#8211; La doctrina de &#8220;orden a partir del caos&#8221; y su implementaci\u00f3n en la pol\u00edtica global.<\/p>\n<p><b>6. Religi\u00f3n del Anticristo:<\/b><\/p>\n<p><span class=\"Apple-converted-space\">\u00a0\u00a0 <\/span>&#8211; Exploraci\u00f3n de la influencia de las ense\u00f1anzas anticristianas en las estructuras de poder actuales.<\/p>\n<p><b>7. Blavatsky Satanista:<\/b><\/p>\n<p><span class=\"Apple-converted-space\">\u00a0\u00a0 <\/span>&#8211; Un examen cr\u00edtico de Helena Blavatsky y su impacto en las ense\u00f1anzas esot\u00e9ricas.<\/p>\n","protected":false},"excerpt":{"rendered":"<p>El 24 de junio de 1717, bajo el reinado de Jorge I, se form\u00f3 la Gran Logia de Inglaterra durante una reuni\u00f3n de logias mas\u00f3nicas. Este evento marc\u00f3 el comienzo de la masoner\u00eda moderna, convirti\u00e9ndose en una herramienta clave para Gran Breta\u00f1a durante los siguientes 300 a\u00f1os.\u00a0 En este webinar, exploraremos el papel de las [&hellip;]<\/p>\n","protected":false},"featured_media":29686,"template":"","meta":{"_acf_changed":false},"product_brand":[],"product_cat":[15],"product_tag":[186,185,184,183],"class_list":{"0":"post-29685","1":"product","2":"type-product","3":"status-publish","4":"has-post-thumbnail","6":"product_cat-membresias","7":"product_tag-iluminatis","8":"product_tag-masoneria","9":"product_tag-masones","10":"product_tag-webinar","12":"first","13":"instock","14":"downloadable","15":"virtual","16":"taxable","17":"purchasable","18":"product-type-simple"},"acf":[],"yoast_head":"<!-- This site is optimized with the Yoast SEO Premium plugin v19.6 (Yoast SEO v27.3) - https:\/\/yoast.com\/product\/yoast-seo-premium-wordpress\/ -->\n<title>Webinar El Gran Enga\u00f1o: La Verdadera Historia Oculta - Estulin.Media<\/title>\n<meta name=\"robots\" content=\"index, follow, max-snippet:-1, max-image-preview:large, max-video-preview:-1\" \/>\n<link rel=\"canonical\" href=\"https:\/\/estulin.media\/product\/webinar-el-gran-engano-la-verdadera-historia-oculta\/\" \/>\n<meta property=\"og:locale\" content=\"en_US\" \/>\n<meta property=\"og:type\" content=\"article\" \/>\n<meta property=\"og:title\" content=\"Webinar El Gran Enga\u00f1o: La Verdadera Historia Oculta\" \/>\n<meta property=\"og:description\" content=\"El 24 de junio de 1717, bajo el reinado de Jorge I, se form\u00f3 la Gran Logia de Inglaterra durante una reuni\u00f3n de logias mas\u00f3nicas. Este evento marc\u00f3 el comienzo de la masoner\u00eda moderna, convirti\u00e9ndose en una herramienta clave para Gran Breta\u00f1a durante los siguientes 300 a\u00f1os.\u00a0 En este webinar, exploraremos el papel de las [&hellip;]\" \/>\n<meta property=\"og:url\" content=\"https:\/\/estulin.media\/product\/webinar-el-gran-engano-la-verdadera-historia-oculta\/\" \/>\n<meta property=\"og:site_name\" content=\"Estulin.Media\" \/>\n<meta property=\"article:modified_time\" content=\"2024-07-19T04:16:47+00:00\" \/>\n<meta property=\"og:image\" content=\"https:\/\/estulin.media\/wp-content\/uploads\/2024\/06\/Prueba.png\" \/>\n\t<meta property=\"og:image:width\" content=\"1280\" \/>\n\t<meta property=\"og:image:height\" content=\"720\" \/>\n\t<meta property=\"og:image:type\" content=\"image\/png\" \/>\n<meta name=\"twitter:card\" content=\"summary_large_image\" \/>\n<meta name=\"twitter:label1\" content=\"Est. reading time\" \/>\n\t<meta name=\"twitter:data1\" content=\"3 minutes\" \/>\n<script type=\"application\/ld+json\" class=\"yoast-schema-graph\">{\"@context\":\"https:\\\/\\\/schema.org\",\"@graph\":[{\"@type\":\"WebPage\",\"@id\":\"https:\\\/\\\/estulin.media\\\/product\\\/webinar-el-gran-engano-la-verdadera-historia-oculta\\\/\",\"url\":\"https:\\\/\\\/estulin.media\\\/product\\\/webinar-el-gran-engano-la-verdadera-historia-oculta\\\/\",\"name\":\"Webinar El Gran Enga\u00f1o: La Verdadera Historia Oculta - Estulin.Media\",\"isPartOf\":{\"@id\":\"https:\\\/\\\/estulin.media\\\/#website\"},\"primaryImageOfPage\":{\"@id\":\"https:\\\/\\\/estulin.media\\\/product\\\/webinar-el-gran-engano-la-verdadera-historia-oculta\\\/#primaryimage\"},\"image\":{\"@id\":\"https:\\\/\\\/estulin.media\\\/product\\\/webinar-el-gran-engano-la-verdadera-historia-oculta\\\/#primaryimage\"},\"thumbnailUrl\":\"https:\\\/\\\/estulin.media\\\/wp-content\\\/uploads\\\/2024\\\/06\\\/Prueba.png\",\"datePublished\":\"2024-06-28T00:49:22+00:00\",\"dateModified\":\"2024-07-19T04:16:47+00:00\",\"breadcrumb\":{\"@id\":\"https:\\\/\\\/estulin.media\\\/product\\\/webinar-el-gran-engano-la-verdadera-historia-oculta\\\/#breadcrumb\"},\"inLanguage\":\"en-US\",\"potentialAction\":[{\"@type\":\"ReadAction\",\"target\":[\"https:\\\/\\\/estulin.media\\\/product\\\/webinar-el-gran-engano-la-verdadera-historia-oculta\\\/\"]}]},{\"@type\":\"ImageObject\",\"inLanguage\":\"en-US\",\"@id\":\"https:\\\/\\\/estulin.media\\\/product\\\/webinar-el-gran-engano-la-verdadera-historia-oculta\\\/#primaryimage\",\"url\":\"https:\\\/\\\/estulin.media\\\/wp-content\\\/uploads\\\/2024\\\/06\\\/Prueba.png\",\"contentUrl\":\"https:\\\/\\\/estulin.media\\\/wp-content\\\/uploads\\\/2024\\\/06\\\/Prueba.png\",\"width\":1280,\"height\":720},{\"@type\":\"BreadcrumbList\",\"@id\":\"https:\\\/\\\/estulin.media\\\/product\\\/webinar-el-gran-engano-la-verdadera-historia-oculta\\\/#breadcrumb\",\"itemListElement\":[{\"@type\":\"ListItem\",\"position\":1,\"name\":\"Portada\",\"item\":\"https:\\\/\\\/estulin.media\\\/\"},{\"@type\":\"ListItem\",\"position\":2,\"name\":\"Tienda\",\"item\":\"https:\\\/\\\/estulin.media\\\/tienda\\\/\"},{\"@type\":\"ListItem\",\"position\":3,\"name\":\"Webinar El Gran Enga\u00f1o: La Verdadera Historia Oculta\"}]},{\"@type\":\"WebSite\",\"@id\":\"https:\\\/\\\/estulin.media\\\/#website\",\"url\":\"https:\\\/\\\/estulin.media\\\/\",\"name\":\"Estulin.Media\",\"description\":\"Tras 25 a\u00f1os en la KGB, Daniel ESTULIN presenta ESTULIN MEDIA. La plataforma donde tienes toda la informaci\u00f3n del futuro al alcance de tu mano.\",\"publisher\":{\"@id\":\"https:\\\/\\\/estulin.media\\\/#organization\"},\"potentialAction\":[{\"@type\":\"SearchAction\",\"target\":{\"@type\":\"EntryPoint\",\"urlTemplate\":\"https:\\\/\\\/estulin.media\\\/?s={search_term_string}\"},\"query-input\":{\"@type\":\"PropertyValueSpecification\",\"valueRequired\":true,\"valueName\":\"search_term_string\"}}],\"inLanguage\":\"en-US\"},{\"@type\":\"Organization\",\"@id\":\"https:\\\/\\\/estulin.media\\\/#organization\",\"name\":\"Estulin.Media\",\"url\":\"https:\\\/\\\/estulin.media\\\/\",\"logo\":{\"@type\":\"ImageObject\",\"inLanguage\":\"en-US\",\"@id\":\"https:\\\/\\\/estulin.media\\\/#\\\/schema\\\/logo\\\/image\\\/\",\"url\":\"https:\\\/\\\/wn15d3.p3cdn1.secureserver.net\\\/wp-content\\\/uploads\\\/2022\\\/10\\\/WhatsApp-Image-2022-09-25-at-12.27.03-PM.jpeg?time=1666025761\",\"contentUrl\":\"https:\\\/\\\/wn15d3.p3cdn1.secureserver.net\\\/wp-content\\\/uploads\\\/2022\\\/10\\\/WhatsApp-Image-2022-09-25-at-12.27.03-PM.jpeg?time=1666025761\",\"width\":1280,\"height\":1280,\"caption\":\"Estulin.Media\"},\"image\":{\"@id\":\"https:\\\/\\\/estulin.media\\\/#\\\/schema\\\/logo\\\/image\\\/\"}}]}<\/script>\n<!-- \/ Yoast SEO Premium plugin. -->","yoast_head_json":{"title":"Webinar El Gran Enga\u00f1o: La Verdadera Historia Oculta - Estulin.Media","robots":{"index":"index","follow":"follow","max-snippet":"max-snippet:-1","max-image-preview":"max-image-preview:large","max-video-preview":"max-video-preview:-1"},"canonical":"https:\/\/estulin.media\/product\/webinar-el-gran-engano-la-verdadera-historia-oculta\/","og_locale":"en_US","og_type":"article","og_title":"Webinar El Gran Enga\u00f1o: La Verdadera Historia Oculta","og_description":"El 24 de junio de 1717, bajo el reinado de Jorge I, se form\u00f3 la Gran Logia de Inglaterra durante una reuni\u00f3n de logias mas\u00f3nicas. Este evento marc\u00f3 el comienzo de la masoner\u00eda moderna, convirti\u00e9ndose en una herramienta clave para Gran Breta\u00f1a durante los siguientes 300 a\u00f1os.\u00a0 En este webinar, exploraremos el papel de las [&hellip;]","og_url":"https:\/\/estulin.media\/product\/webinar-el-gran-engano-la-verdadera-historia-oculta\/","og_site_name":"Estulin.Media","article_modified_time":"2024-07-19T04:16:47+00:00","og_image":[{"width":1280,"height":720,"url":"https:\/\/estulin.media\/wp-content\/uploads\/2024\/06\/Prueba.png","type":"image\/png"}],"twitter_card":"summary_large_image","twitter_misc":{"Est. reading time":"3 minutes"},"schema":{"@context":"https:\/\/schema.org","@graph":[{"@type":"WebPage","@id":"https:\/\/estulin.media\/product\/webinar-el-gran-engano-la-verdadera-historia-oculta\/","url":"https:\/\/estulin.media\/product\/webinar-el-gran-engano-la-verdadera-historia-oculta\/","name":"Webinar El Gran Enga\u00f1o: La Verdadera Historia Oculta - Estulin.Media","isPartOf":{"@id":"https:\/\/estulin.media\/#website"},"primaryImageOfPage":{"@id":"https:\/\/estulin.media\/product\/webinar-el-gran-engano-la-verdadera-historia-oculta\/#primaryimage"},"image":{"@id":"https:\/\/estulin.media\/product\/webinar-el-gran-engano-la-verdadera-historia-oculta\/#primaryimage"},"thumbnailUrl":"https:\/\/estulin.media\/wp-content\/uploads\/2024\/06\/Prueba.png","datePublished":"2024-06-28T00:49:22+00:00","dateModified":"2024-07-19T04:16:47+00:00","breadcrumb":{"@id":"https:\/\/estulin.media\/product\/webinar-el-gran-engano-la-verdadera-historia-oculta\/#breadcrumb"},"inLanguage":"en-US","potentialAction":[{"@type":"ReadAction","target":["https:\/\/estulin.media\/product\/webinar-el-gran-engano-la-verdadera-historia-oculta\/"]}]},{"@type":"ImageObject","inLanguage":"en-US","@id":"https:\/\/estulin.media\/product\/webinar-el-gran-engano-la-verdadera-historia-oculta\/#primaryimage","url":"https:\/\/estulin.media\/wp-content\/uploads\/2024\/06\/Prueba.png","contentUrl":"https:\/\/estulin.media\/wp-content\/uploads\/2024\/06\/Prueba.png","width":1280,"height":720},{"@type":"BreadcrumbList","@id":"https:\/\/estulin.media\/product\/webinar-el-gran-engano-la-verdadera-historia-oculta\/#breadcrumb","itemListElement":[{"@type":"ListItem","position":1,"name":"Portada","item":"https:\/\/estulin.media\/"},{"@type":"ListItem","position":2,"name":"Tienda","item":"https:\/\/estulin.media\/tienda\/"},{"@type":"ListItem","position":3,"name":"Webinar El Gran Enga\u00f1o: La Verdadera Historia Oculta"}]},{"@type":"WebSite","@id":"https:\/\/estulin.media\/#website","url":"https:\/\/estulin.media\/","name":"Estulin.Media","description":"Tras 25 a\u00f1os en la KGB, Daniel ESTULIN presenta ESTULIN MEDIA. La plataforma donde tienes toda la informaci\u00f3n del futuro al alcance de tu mano.","publisher":{"@id":"https:\/\/estulin.media\/#organization"},"potentialAction":[{"@type":"SearchAction","target":{"@type":"EntryPoint","urlTemplate":"https:\/\/estulin.media\/?s={search_term_string}"},"query-input":{"@type":"PropertyValueSpecification","valueRequired":true,"valueName":"search_term_string"}}],"inLanguage":"en-US"},{"@type":"Organization","@id":"https:\/\/estulin.media\/#organization","name":"Estulin.Media","url":"https:\/\/estulin.media\/","logo":{"@type":"ImageObject","inLanguage":"en-US","@id":"https:\/\/estulin.media\/#\/schema\/logo\/image\/","url":"https:\/\/wn15d3.p3cdn1.secureserver.net\/wp-content\/uploads\/2022\/10\/WhatsApp-Image-2022-09-25-at-12.27.03-PM.jpeg?time=1666025761","contentUrl":"https:\/\/wn15d3.p3cdn1.secureserver.net\/wp-content\/uploads\/2022\/10\/WhatsApp-Image-2022-09-25-at-12.27.03-PM.jpeg?time=1666025761","width":1280,"height":1280,"caption":"Estulin.Media"},"image":{"@id":"https:\/\/estulin.media\/#\/schema\/logo\/image\/"}}]}},"_links":{"self":[{"href":"https:\/\/estulin.media\/en\/wp-json\/wp\/v2\/product\/29685","targetHints":{"allow":["GET"]}}],"collection":[{"href":"https:\/\/estulin.media\/en\/wp-json\/wp\/v2\/product"}],"about":[{"href":"https:\/\/estulin.media\/en\/wp-json\/wp\/v2\/types\/product"}],"version-history":[{"count":1,"href":"https:\/\/estulin.media\/en\/wp-json\/wp\/v2\/product\/29685\/revisions"}],"predecessor-version":[{"id":29688,"href":"https:\/\/estulin.media\/en\/wp-json\/wp\/v2\/product\/29685\/revisions\/29688"}],"wp:featuredmedia":[{"embeddable":true,"href":"https:\/\/estulin.media\/en\/wp-json\/wp\/v2\/media\/29686"}],"wp:attachment":[{"href":"https:\/\/estulin.media\/en\/wp-json\/wp\/v2\/media?parent=29685"}],"wp:term":[{"taxonomy":"product_brand","embeddable":true,"href":"https:\/\/estulin.media\/en\/wp-json\/wp\/v2\/product_brand?post=29685"},{"taxonomy":"product_cat","embeddable":true,"href":"https:\/\/estulin.media\/en\/wp-json\/wp\/v2\/product_cat?post=29685"},{"taxonomy":"product_tag","embeddable":true,"href":"https:\/\/estulin.media\/en\/wp-json\/wp\/v2\/product_tag?post=29685"}],"curies":[{"name":"wp","href":"https:\/\/api.w.org\/{rel}","templated":true}]}}