{"id":270,"date":"2022-09-04T17:04:04","date_gmt":"2022-09-04T17:04:04","guid":{"rendered":"https:\/\/estulin.info\/?post_type=product&#038;p=270"},"modified":"2025-06-07T12:30:22","modified_gmt":"2025-06-07T17:30:22","slug":"informes-de-inteligencia-conceptual","status":"publish","type":"product","link":"https:\/\/estulin.media\/en\/product\/informes-de-inteligencia-conceptual\/","title":{"rendered":"Informes de Inteligencia Conceptual"},"content":{"rendered":"","protected":false},"excerpt":{"rendered":"<p><span style=\"font-weight: 400;\">\u00bfAlguna vez has pensado en lo que pasar\u00eda si un veterano de contrainteligencia de 25 a\u00f1os hablara p\u00fablicamente de toda la informaci\u00f3n que tiene a escala global? O, a\u00fan m\u00e1s simple, \u00bfalguna vez te preguntaste qu\u00e9 tipo de informaci\u00f3n podr\u00eda tener? Bueno, entonces y si te dijera que tienes la oportunidad de saber qu\u00e9 conoce&#8230; No, no estamos hablando de lo que lees a diario en la prensa o de lo que hay en todos los medios globales. Y, no, tampoco estamos hablando de informaci\u00f3n real recopilada a lo largo de los a\u00f1os donde se refleja el estado del mundo actual. Todo aquello, que no vemos y que ellos no quieren que veamos.\u00a0<\/span><\/p>\n<p><span style=\"font-weight: 400;\">Pero \u00bfy si al saber qui\u00e9nes son ellos y c\u00f3mo funciona el mundo, fueras capaz de tomar decisiones que alterar\u00edan tu vida&#8230; \u00bfDejar\u00edas pasar la oportunidad entonces? Para que te hagas una idea YouTube bloquea cientos, si no miles de horas de contenido a diario, tambi\u00e9n lo hace Facebook y lo mismo ocurre en todas las dem\u00e1s redes sociales porque va en contra de las Directrices de la Comunidad. Sin embargo, queremos que tenga esta informaci\u00f3n y queremos que la tenga ahora mismo. <\/span><\/p>\n","protected":false},"featured_media":228,"template":"","meta":{"_acf_changed":false},"product_brand":[],"product_cat":[15],"product_tag":[],"class_list":{"0":"post-270","1":"product","2":"type-product","3":"status-publish","4":"has-post-thumbnail","6":"product_cat-membresias","8":"first","9":"instock","10":"featured","11":"sold-individually","12":"taxable","13":"shipping-taxable","14":"purchasable","15":"product-type-variable-subscription","16":"has-default-attributes"},"acf":[],"yoast_head":"<!-- This site is optimized with the Yoast SEO Premium plugin v19.6 (Yoast SEO v27.3) - https:\/\/yoast.com\/product\/yoast-seo-premium-wordpress\/ -->\n<title>Informes de Inteligencia Conceptual - Estulin.Media<\/title>\n<meta name=\"description\" content=\"Veterano de contrainteligencia de 25 a\u00f1os\" \/>\n<meta name=\"robots\" content=\"index, follow, max-snippet:-1, max-image-preview:large, max-video-preview:-1\" \/>\n<link rel=\"canonical\" href=\"https:\/\/estulin.media\/product\/informes-de-inteligencia-conceptual\/\" \/>\n<meta property=\"og:locale\" content=\"en_US\" \/>\n<meta property=\"og:type\" content=\"article\" \/>\n<meta property=\"og:title\" content=\"Informes de Inteligencia Conceptual\" \/>\n<meta property=\"og:description\" content=\"Veterano de contrainteligencia de 25 a\u00f1os\" \/>\n<meta property=\"og:url\" content=\"https:\/\/estulin.media\/product\/informes-de-inteligencia-conceptual\/\" \/>\n<meta property=\"og:site_name\" content=\"Estulin.Media\" \/>\n<meta property=\"article:modified_time\" content=\"2025-06-07T17:30:22+00:00\" \/>\n<meta property=\"og:image\" content=\"https:\/\/estulin.media\/wp-content\/uploads\/2022\/09\/WhatsApp20Image202022-06-1520at209.43.1920PM201-0001.jpeg\" \/>\n\t<meta property=\"og:image:width\" content=\"730\" \/>\n\t<meta property=\"og:image:height\" content=\"489\" \/>\n\t<meta property=\"og:image:type\" content=\"image\/jpeg\" \/>\n<meta name=\"twitter:card\" content=\"summary_large_image\" \/>\n<meta name=\"twitter:label1\" content=\"Est. reading time\" \/>\n\t<meta name=\"twitter:data1\" content=\"1 minute\" \/>\n<script type=\"application\/ld+json\" class=\"yoast-schema-graph\">{\"@context\":\"https:\\\/\\\/schema.org\",\"@graph\":[{\"@type\":\"WebPage\",\"@id\":\"https:\\\/\\\/estulin.media\\\/product\\\/informes-de-inteligencia-conceptual\\\/\",\"url\":\"https:\\\/\\\/estulin.media\\\/product\\\/informes-de-inteligencia-conceptual\\\/\",\"name\":\"Informes de Inteligencia Conceptual - Estulin.Media\",\"isPartOf\":{\"@id\":\"https:\\\/\\\/estulin.media\\\/#website\"},\"primaryImageOfPage\":{\"@id\":\"https:\\\/\\\/estulin.media\\\/product\\\/informes-de-inteligencia-conceptual\\\/#primaryimage\"},\"image\":{\"@id\":\"https:\\\/\\\/estulin.media\\\/product\\\/informes-de-inteligencia-conceptual\\\/#primaryimage\"},\"thumbnailUrl\":\"https:\\\/\\\/estulin.media\\\/wp-content\\\/uploads\\\/2022\\\/09\\\/WhatsApp20Image202022-06-1520at209.43.1920PM201-0001.jpeg\",\"datePublished\":\"2022-09-04T17:04:04+00:00\",\"dateModified\":\"2025-06-07T17:30:22+00:00\",\"description\":\"Veterano de contrainteligencia de 25 a\u00f1os\",\"breadcrumb\":{\"@id\":\"https:\\\/\\\/estulin.media\\\/product\\\/informes-de-inteligencia-conceptual\\\/#breadcrumb\"},\"inLanguage\":\"en-US\",\"potentialAction\":[{\"@type\":\"ReadAction\",\"target\":[\"https:\\\/\\\/estulin.media\\\/product\\\/informes-de-inteligencia-conceptual\\\/\"]}]},{\"@type\":\"ImageObject\",\"inLanguage\":\"en-US\",\"@id\":\"https:\\\/\\\/estulin.media\\\/product\\\/informes-de-inteligencia-conceptual\\\/#primaryimage\",\"url\":\"https:\\\/\\\/estulin.media\\\/wp-content\\\/uploads\\\/2022\\\/09\\\/WhatsApp20Image202022-06-1520at209.43.1920PM201-0001.jpeg\",\"contentUrl\":\"https:\\\/\\\/estulin.media\\\/wp-content\\\/uploads\\\/2022\\\/09\\\/WhatsApp20Image202022-06-1520at209.43.1920PM201-0001.jpeg\",\"width\":730,\"height\":489,\"caption\":\"Informes de Inteligencia Conceptual\"},{\"@type\":\"BreadcrumbList\",\"@id\":\"https:\\\/\\\/estulin.media\\\/product\\\/informes-de-inteligencia-conceptual\\\/#breadcrumb\",\"itemListElement\":[{\"@type\":\"ListItem\",\"position\":1,\"name\":\"Portada\",\"item\":\"https:\\\/\\\/estulin.media\\\/\"},{\"@type\":\"ListItem\",\"position\":2,\"name\":\"Tienda\",\"item\":\"https:\\\/\\\/estulin.media\\\/tienda\\\/\"},{\"@type\":\"ListItem\",\"position\":3,\"name\":\"Informes de Inteligencia Conceptual\"}]},{\"@type\":\"WebSite\",\"@id\":\"https:\\\/\\\/estulin.media\\\/#website\",\"url\":\"https:\\\/\\\/estulin.media\\\/\",\"name\":\"Estulin.Media\",\"description\":\"Tras 25 a\u00f1os en la KGB, Daniel ESTULIN presenta ESTULIN MEDIA. La plataforma donde tienes toda la informaci\u00f3n del futuro al alcance de tu mano.\",\"publisher\":{\"@id\":\"https:\\\/\\\/estulin.media\\\/#organization\"},\"potentialAction\":[{\"@type\":\"SearchAction\",\"target\":{\"@type\":\"EntryPoint\",\"urlTemplate\":\"https:\\\/\\\/estulin.media\\\/?s={search_term_string}\"},\"query-input\":{\"@type\":\"PropertyValueSpecification\",\"valueRequired\":true,\"valueName\":\"search_term_string\"}}],\"inLanguage\":\"en-US\"},{\"@type\":\"Organization\",\"@id\":\"https:\\\/\\\/estulin.media\\\/#organization\",\"name\":\"Estulin.Media\",\"url\":\"https:\\\/\\\/estulin.media\\\/\",\"logo\":{\"@type\":\"ImageObject\",\"inLanguage\":\"en-US\",\"@id\":\"https:\\\/\\\/estulin.media\\\/#\\\/schema\\\/logo\\\/image\\\/\",\"url\":\"https:\\\/\\\/wn15d3.p3cdn1.secureserver.net\\\/wp-content\\\/uploads\\\/2022\\\/10\\\/WhatsApp-Image-2022-09-25-at-12.27.03-PM.jpeg?time=1666025761\",\"contentUrl\":\"https:\\\/\\\/wn15d3.p3cdn1.secureserver.net\\\/wp-content\\\/uploads\\\/2022\\\/10\\\/WhatsApp-Image-2022-09-25-at-12.27.03-PM.jpeg?time=1666025761\",\"width\":1280,\"height\":1280,\"caption\":\"Estulin.Media\"},\"image\":{\"@id\":\"https:\\\/\\\/estulin.media\\\/#\\\/schema\\\/logo\\\/image\\\/\"}}]}<\/script>\n<!-- \/ Yoast SEO Premium plugin. -->","yoast_head_json":{"title":"Informes de Inteligencia Conceptual - Estulin.Media","description":"Veterano de contrainteligencia de 25 a\u00f1os","robots":{"index":"index","follow":"follow","max-snippet":"max-snippet:-1","max-image-preview":"max-image-preview:large","max-video-preview":"max-video-preview:-1"},"canonical":"https:\/\/estulin.media\/product\/informes-de-inteligencia-conceptual\/","og_locale":"en_US","og_type":"article","og_title":"Informes de Inteligencia Conceptual","og_description":"Veterano de contrainteligencia de 25 a\u00f1os","og_url":"https:\/\/estulin.media\/product\/informes-de-inteligencia-conceptual\/","og_site_name":"Estulin.Media","article_modified_time":"2025-06-07T17:30:22+00:00","og_image":[{"width":730,"height":489,"url":"https:\/\/estulin.media\/wp-content\/uploads\/2022\/09\/WhatsApp20Image202022-06-1520at209.43.1920PM201-0001.jpeg","type":"image\/jpeg"}],"twitter_card":"summary_large_image","twitter_misc":{"Est. reading time":"1 minute"},"schema":{"@context":"https:\/\/schema.org","@graph":[{"@type":"WebPage","@id":"https:\/\/estulin.media\/product\/informes-de-inteligencia-conceptual\/","url":"https:\/\/estulin.media\/product\/informes-de-inteligencia-conceptual\/","name":"Informes de Inteligencia Conceptual - Estulin.Media","isPartOf":{"@id":"https:\/\/estulin.media\/#website"},"primaryImageOfPage":{"@id":"https:\/\/estulin.media\/product\/informes-de-inteligencia-conceptual\/#primaryimage"},"image":{"@id":"https:\/\/estulin.media\/product\/informes-de-inteligencia-conceptual\/#primaryimage"},"thumbnailUrl":"https:\/\/estulin.media\/wp-content\/uploads\/2022\/09\/WhatsApp20Image202022-06-1520at209.43.1920PM201-0001.jpeg","datePublished":"2022-09-04T17:04:04+00:00","dateModified":"2025-06-07T17:30:22+00:00","description":"Veterano de contrainteligencia de 25 a\u00f1os","breadcrumb":{"@id":"https:\/\/estulin.media\/product\/informes-de-inteligencia-conceptual\/#breadcrumb"},"inLanguage":"en-US","potentialAction":[{"@type":"ReadAction","target":["https:\/\/estulin.media\/product\/informes-de-inteligencia-conceptual\/"]}]},{"@type":"ImageObject","inLanguage":"en-US","@id":"https:\/\/estulin.media\/product\/informes-de-inteligencia-conceptual\/#primaryimage","url":"https:\/\/estulin.media\/wp-content\/uploads\/2022\/09\/WhatsApp20Image202022-06-1520at209.43.1920PM201-0001.jpeg","contentUrl":"https:\/\/estulin.media\/wp-content\/uploads\/2022\/09\/WhatsApp20Image202022-06-1520at209.43.1920PM201-0001.jpeg","width":730,"height":489,"caption":"Informes de Inteligencia Conceptual"},{"@type":"BreadcrumbList","@id":"https:\/\/estulin.media\/product\/informes-de-inteligencia-conceptual\/#breadcrumb","itemListElement":[{"@type":"ListItem","position":1,"name":"Portada","item":"https:\/\/estulin.media\/"},{"@type":"ListItem","position":2,"name":"Tienda","item":"https:\/\/estulin.media\/tienda\/"},{"@type":"ListItem","position":3,"name":"Informes de Inteligencia Conceptual"}]},{"@type":"WebSite","@id":"https:\/\/estulin.media\/#website","url":"https:\/\/estulin.media\/","name":"Estulin.Media","description":"Tras 25 a\u00f1os en la KGB, Daniel ESTULIN presenta ESTULIN MEDIA. La plataforma donde tienes toda la informaci\u00f3n del futuro al alcance de tu mano.","publisher":{"@id":"https:\/\/estulin.media\/#organization"},"potentialAction":[{"@type":"SearchAction","target":{"@type":"EntryPoint","urlTemplate":"https:\/\/estulin.media\/?s={search_term_string}"},"query-input":{"@type":"PropertyValueSpecification","valueRequired":true,"valueName":"search_term_string"}}],"inLanguage":"en-US"},{"@type":"Organization","@id":"https:\/\/estulin.media\/#organization","name":"Estulin.Media","url":"https:\/\/estulin.media\/","logo":{"@type":"ImageObject","inLanguage":"en-US","@id":"https:\/\/estulin.media\/#\/schema\/logo\/image\/","url":"https:\/\/wn15d3.p3cdn1.secureserver.net\/wp-content\/uploads\/2022\/10\/WhatsApp-Image-2022-09-25-at-12.27.03-PM.jpeg?time=1666025761","contentUrl":"https:\/\/wn15d3.p3cdn1.secureserver.net\/wp-content\/uploads\/2022\/10\/WhatsApp-Image-2022-09-25-at-12.27.03-PM.jpeg?time=1666025761","width":1280,"height":1280,"caption":"Estulin.Media"},"image":{"@id":"https:\/\/estulin.media\/#\/schema\/logo\/image\/"}}]}},"_links":{"self":[{"href":"https:\/\/estulin.media\/en\/wp-json\/wp\/v2\/product\/270","targetHints":{"allow":["GET"]}}],"collection":[{"href":"https:\/\/estulin.media\/en\/wp-json\/wp\/v2\/product"}],"about":[{"href":"https:\/\/estulin.media\/en\/wp-json\/wp\/v2\/types\/product"}],"version-history":[{"count":7,"href":"https:\/\/estulin.media\/en\/wp-json\/wp\/v2\/product\/270\/revisions"}],"predecessor-version":[{"id":5591,"href":"https:\/\/estulin.media\/en\/wp-json\/wp\/v2\/product\/270\/revisions\/5591"}],"wp:featuredmedia":[{"embeddable":true,"href":"https:\/\/estulin.media\/en\/wp-json\/wp\/v2\/media\/228"}],"wp:attachment":[{"href":"https:\/\/estulin.media\/en\/wp-json\/wp\/v2\/media?parent=270"}],"wp:term":[{"taxonomy":"product_brand","embeddable":true,"href":"https:\/\/estulin.media\/en\/wp-json\/wp\/v2\/product_brand?post=270"},{"taxonomy":"product_cat","embeddable":true,"href":"https:\/\/estulin.media\/en\/wp-json\/wp\/v2\/product_cat?post=270"},{"taxonomy":"product_tag","embeddable":true,"href":"https:\/\/estulin.media\/en\/wp-json\/wp\/v2\/product_tag?post=270"}],"curies":[{"name":"wp","href":"https:\/\/api.w.org\/{rel}","templated":true}]}}