{"id":24065,"date":"2023-05-12T15:32:45","date_gmt":"2023-05-12T20:32:45","guid":{"rendered":"https:\/\/estulin.media\/unauthorized-access\/"},"modified":"2024-03-23T14:15:32","modified_gmt":"2024-03-23T19:15:32","slug":"unauthorized-access","status":"publish","type":"page","link":"https:\/\/estulin.media\/en\/unauthorized-access\/","title":{"rendered":"Unauthorized access"},"content":{"rendered":"\t\t<div data-elementor-type=\"wp-page\" data-elementor-id=\"24065\" class=\"elementor elementor-24065 elementor-11531\" data-elementor-post-type=\"page\">\n\t\t\t\t\t\t<section data-particle_enable=\"false\" data-particle-mobile-disabled=\"false\" class=\"elementor-section elementor-top-section elementor-element elementor-element-5f09328 elementor-section-boxed elementor-section-height-default elementor-section-height-default\" data-id=\"5f09328\" data-element_type=\"section\" data-e-type=\"section\">\n\t\t\t\t\t\t<div class=\"elementor-container elementor-column-gap-default\">\n\t\t\t\t\t<div class=\"elementor-column elementor-col-50 elementor-top-column elementor-element elementor-element-8f2168a\" data-id=\"8f2168a\" data-element_type=\"column\" data-e-type=\"column\">\n\t\t\t<div class=\"elementor-widget-wrap elementor-element-populated\">\n\t\t\t\t\t\t<div class=\"elementor-element elementor-element-3333b30 elementor-widget elementor-widget-heading\" data-id=\"3333b30\" data-element_type=\"widget\" data-e-type=\"widget\" data-widget_type=\"heading.default\">\n\t\t\t\t<div class=\"elementor-widget-container\">\n\t\t\t\t\t<h1 class=\"elementor-heading-title elementor-size-default\">UNAUTHORIZED ACCESS<\/h1>\t\t\t\t<\/div>\n\t\t\t\t<\/div>\n\t\t\t\t<div class=\"elementor-element elementor-element-32c2805 dce_masking-none elementor-position-top elementor-widget elementor-widget-image-box\" data-id=\"32c2805\" data-element_type=\"widget\" data-e-type=\"widget\" data-widget_type=\"image-box.default\">\n\t\t\t\t<div class=\"elementor-widget-container\">\n\t\t\t\t\t<div class=\"elementor-image-box-wrapper\"><figure class=\"elementor-image-box-img\"><img fetchpriority=\"high\" decoding=\"async\" width=\"320\" height=\"320\" src=\"https:\/\/estulin.media\/wp-content\/uploads\/2023\/02\/31018584_639a54b6b9931_FodoDESTUlin1.jpeg\" class=\"attachment-full size-full wp-image-6948\" alt=\"\" srcset=\"https:\/\/estulin.media\/wp-content\/uploads\/2023\/02\/31018584_639a54b6b9931_FodoDESTUlin1.jpeg 320w, https:\/\/estulin.media\/wp-content\/uploads\/2023\/02\/31018584_639a54b6b9931_FodoDESTUlin1-300x300.jpeg 300w, https:\/\/estulin.media\/wp-content\/uploads\/2023\/02\/31018584_639a54b6b9931_FodoDESTUlin1-100x100.jpeg 100w\" sizes=\"(max-width: 320px) 100vw, 320px\" \/><\/figure><div class=\"elementor-image-box-content\"><h3 class=\"elementor-image-box-title\">You require an Active Subscription<\/h3><p class=\"elementor-image-box-description\">In order to view this content you need to subscribe to an Estulin.Media membership <\/p><\/div><\/div>\t\t\t\t<\/div>\n\t\t\t\t<\/div>\n\t\t\t\t\t<\/div>\n\t\t<\/div>\n\t\t\t\t<div class=\"elementor-column elementor-col-50 elementor-top-column elementor-element elementor-element-24b13f2\" data-id=\"24b13f2\" data-element_type=\"column\" data-e-type=\"column\">\n\t\t\t<div class=\"elementor-widget-wrap elementor-element-populated\">\n\t\t\t\t\t\t<div class=\"elementor-element elementor-element-b6f2dcc elementor-widget elementor-widget-heading\" data-id=\"b6f2dcc\" data-element_type=\"widget\" data-e-type=\"widget\" data-widget_type=\"heading.default\">\n\t\t\t\t<div class=\"elementor-widget-container\">\n\t\t\t\t\t<h1 class=\"elementor-heading-title elementor-size-default\">SI YA CUENTAS CON UNA SUSCRIPCI\u00d3N<br>INICIA SESI\u00d3N AQU\u00cd<\/h1>\t\t\t\t<\/div>\n\t\t\t\t<\/div>\n\t\t\t\t<div class=\"elementor-element elementor-element-44a0a67 elementor-widget__width-inherit elementor-widget elementor-widget-eael-login-register\" data-id=\"44a0a67\" data-element_type=\"widget\" data-e-type=\"widget\" data-widget_type=\"eael-login-register.default\">\n\t\t\t\t<div class=\"elementor-widget-container\">\n\t\t\t\t\t        <div class=\"eael-login-registration-wrapper \"\n             data-is-ajax=\"yes\"\n             data-widget-id=\"44a0a67\"\n             data-page-id=\"24065\"\n             data-recaptcha-sitekey=\"6LdiIvElAAAAAD3rOayvLjFxwt9HySpBw9uRzKl3\"\n\t\t\t data-recaptcha-sitekey-v3=\"\"\n\t\t\t data-login-recaptcha-version=\"v2\"\n\t\t\t data-register-recaptcha-version=\"v2\"\n\t\t\t data-lostpassword-recaptcha-version=\"v2\"\n             data-redirect-to=\"\/?login-form=no-access\"\n             data-resetpassword-redirect-to=\"\"\n        >\n\t\t\t            <section id=\"eael-login-form-wrapper\" class=\"\" data-recaptcha-theme=\"dark\" data-recaptcha-size=\"normal\">\n                <div class=\"eael-login-form-wrapper eael-lr-form-wrapper style-2 \">\n\t\t\t\t\t                        <div class=\"lr-form-wrapper\">\n\t\t\t\t\t\t\t\t\t\t\t\t\t\t                            <form class=\"eael-login-form eael-lr-form\"\n                                  id=\"eael-login-form\"\n                                  method=\"post\">\n\t\t\t\t\t\t\t\t                                <div class=\"eael-lr-form-group eael-user-login\">\n\t\t\t\t\t\t\t\t\t<label for=\"eael-user-login\" class=\"eael-field-label\">Username or Email Address<\/label>                                    <input type=\"text\"\n                                           name=\"eael-user-login\"\n                                           id=\"eael-user-login\"\n                                           class=\"eael-lr-form-control\"\n                                           placeholder=\"Username or Email Address\"\n                                           required autocomplete=\"username email\">\n\t\t\t\t\t\t\t\t\t                                <\/div>\n                                <div class=\"eael-lr-form-group eael-user-password\">\n\t\t\t\t\t\t\t\t\t<label for=\"eael-user-password\" class=\"eael-field-label\">Password<\/label>                                    <div class=\"eael-lr-password-wrapper\">\n                                        <input type=\"password\"\n                                               name=\"eael-user-password\"\n                                               class=\"eael-lr-form-control\"\n                                               id=\"eael-user-password\"\n                                               placeholder=\"Password\"\n                                               required autocomplete=\"current-password\">\n\t\t\t\t\t\t\t\t\t\t                                            <button type=\"button\"\n                                                    id=\"wp-hide-pw\"\n                                                    class=\"wp-hide-pw hide-if-no-js\"\n                                                    aria-label=\"Show password\">\n                                                <span class=\"dashicons dashicons-visibility\"\n                                                      aria-hidden=\"true\"><\/span>\n                                            <\/button>\n\t\t\t\t\t\t\t\t\t\t\t\t\t\t\t\t\t\t\t\t                                    <\/div>\n                                <\/div>\n                                <div class=\"eael-forever-forget eael-lr-form-group\">\n\t\t\t\t\t\t\t\t\t                                        <p class=\"forget-menot\">\n                                            <input name=\"eael-rememberme\" type=\"checkbox\" id=\"rememberme\" checked class=\"remember-me \" value=\"forever\">\n                                            <label for=\"rememberme\" class=\"eael-checkbox-label rememberme\">Recu\u00e9rdame<\/label>\n                                        <\/p>\n\t\t\t\t\t\t\t\t\t<p class=\"forget-pass\"><a href=\"https:\/\/estulin.media\/mi-cuenta\/lost-password\/\">\u00bfHas olvidado la contrase\u00f1a?<\/a><\/p>\n                                <\/div>\n\n\t\t\t\t\t\t\t\t<input type='hidden' name='g-recaptcha-enabled' value='1'\/><div id='login-recaptcha-node-44a0a67' class='eael-recaptcha-wrapper'><\/div>\n\n                                <div class=\"eael-lr-footer\">\n\t\t\t\t\t\t\t\t\t<div class=\"eael-lr-form-loader-wrapper\">\n\t\t\t\t\t\t\t\t\t\t<button type=\"submit\" name=\"eael-login-submit\" id=\"eael-login-submit\" class=\"g-recaptcha eael-lr-btn eael-lr-btn-block ml-auto mr-auto\">\n\t\t\t\t\t\t\t\t\t\t\tAcceder\t\t\t\t\t\t\t\t\t\t<\/button>\n\t\t\t\t\t\t\t\t\t\t\n\t\t\t\t\t\t\t\t\t\t\n\t\t\t\t\t\t\t\t\t<\/div>\n\t\t\t\t\t\t\t\t\t\n                                <\/div>\n\t\t\t\t\t\t\t\t<div class=\"eael-form-validation-container\"><\/div>                <input type=\"hidden\"\n                       name=\"redirect_to\"\n                       value=\"\/?login-form=no-access\">\n\t\t\t<input type=\"hidden\" id=\"eael-login-nonce\" name=\"eael-login-nonce\" value=\"bbae9a1d09\" \/><input type=\"hidden\" name=\"_wp_http_referer\" value=\"\/en\/wp-json\/wp\/v2\/pages\/24065\" \/>        <input type=\"hidden\"\n               name=\"page_id\"\n               value=\"24065\">\n\t\t<input type=\"hidden\"\n               name=\"page_id_for_popup\"\n               value=\"24065\">\t   \n\t\t<input type=\"hidden\"\n               name=\"resetpassword_in_popup_selector\"\n               value=\"\">\n        <input type=\"hidden\"\n               name=\"widget_id\"\n               value=\"44a0a67\">\n\t\t                            <\/form>\n\t\t\t\t\t\t\t                        <\/div>\n\t\t\t\t\t\t                <\/div>\n\n            <\/section>\n\n\t\t\t<script>\n\t\t\t\tjQuery(document).ready(function($){\n\t\t\t\t\tvar eael_get_login_status = localStorage.getItem( 'eael-is-login-form' );\n\t\t\t\t\tif( eael_get_login_status === 'true' ) {\n\t\t\t\t\t\tsetTimeout(function() {\n\t\t\t\t\t\t\tvar button = jQuery('[eael-login=\"yes\"]');\n\t\t\t\t\t\t\tif( ! button.hasClass('eael-clicked') ) {\n\t\t\t\t\t\t\t\tbutton.trigger('click').addClass('eael-clicked');\n\t\t\t\t\t\t\t}\n\t\t\t\t\t\t}, 100);\n\n\t\t\t\t\t\tsetTimeout(function() {\n\t\t\t\t\t\t\tjQuery('[eael-login=\"yes\"]').removeClass('eael-clicked')\n\t\t\t\t\t\t}, 500);\n\t\t\t\t\t}\n\t\t\t\t});\n\t\t\t<\/script>\n\t\t\t            <section\n                    id=\"eael-lostpassword-form-wrapper\"\n                    class=\"eael-lr-d-none\"\n\t\t\t\t\tdata-recaptcha-theme=\"light\"\n                    data-recaptcha-size=\"normal\"\n                    >\n                <div class=\"eael-lostpassword-form-wrapper eael-lr-form-wrapper style-2 \">\n\t\t\t\t\t\t\t\t\t\t<div class=\"lr-form-wrapper\">\n\t\t\t\t\t\t\t\t\t\t\t\t\t\t\t\t\t\t<form class=\"eael-lostpassword-form eael-lr-form\" id=\"eael-lostpassword-form\" method=\"post\">\n\t\t\t\t\t\t\t\t\t\t\t\t\t\t<div class=\"eael-lr-form-group \">\n\t\t\t\t\t\t\t\t<label for=\"eael-user-lostpassword\" class=\"eael-field-label\">Username or Email Address<\/label>\t\t\t\t\t\t\t\t<input type=\"text\" name=\"eael-user-lostpassword\" id=\"eael-user-lostpassword\" class=\"eael-lr-form-control\" placeholder=\"Username or Email Address\" required>\n\t\t\t\t\t\t\t\t\t\t\t\t\t\t\t<\/div>\n\n\t\t\t\t\t\t\t\n\t\t\t\t\t\t\t<div class=\"eael-lr-footer\">\n\t\t\t\t\t\t\t\t<button type=\"submit\" name=\"eael-lostpassword-submit\" id=\"eael-lostpassword-submit\" class=\"g-recaptcha eael-lr-btn eael-lr-btn-block   \">Restablecer la contrase\u00f1a<\/button>\n\t\t\t\t\t\t\t\t\t\t\t\t\t\t\t\t\t<div class=\"eael-sign-wrapper \">\n\t\t\t\t\t\t\t\t\t\t<span class=\"d-ib\"> <\/span> <a href=\"\" id=\"eael-lr-login-toggle-lostpassword\" class=\"eael-lr-link\" data-action=\"form\">Reg\u00edstrate<\/a>\t\t\t\t\t\t\t\t\t<\/div>\n\t\t\t\t\t\t\t\t\n\t\t\t\t\t\t\t<\/div>\n\t\t\t\t\t\t\t<div class=\"eael-form-validation-container\"><\/div><input type=\"hidden\" id=\"eael-lostpassword-nonce\" name=\"eael-lostpassword-nonce\" value=\"b88bd5c7fe\" \/><input type=\"hidden\" name=\"_wp_http_referer\" value=\"\/en\/wp-json\/wp\/v2\/pages\/24065\" \/>        <input type=\"hidden\"\n               name=\"page_id\"\n               value=\"24065\">\n\t\t<input type=\"hidden\"\n               name=\"page_id_for_popup\"\n               value=\"24065\">\t   \n\t\t<input type=\"hidden\"\n               name=\"resetpassword_in_popup_selector\"\n               value=\"\">\n        <input type=\"hidden\"\n               name=\"widget_id\"\n               value=\"44a0a67\">\n\t\t\t\t\t\t\t\t<\/form>\n\t\t\t\t\t\t\t\t\t\t\t<\/div>\n\t\t\t\t\t                <\/div>\n\n            <\/section>\n\t\t\t        <\/div>\n\n\t\t\t\t\t\t<\/div>\n\t\t\t\t<\/div>\n\t\t\t\t\t<\/div>\n\t\t<\/div>\n\t\t\t\t\t<\/div>\n\t\t<\/section>\n\t\t\t\t<\/div>\n\t\t","protected":false},"excerpt":{"rendered":"<p>UNAUTHORIZED ACCESS You require an Active Subscription In order to view this content you need to subscribe to an Estulin.Media membership SI YA CUENTAS CON UNA SUSCRIPCI\u00d3NINICIA SESI\u00d3N AQU\u00cd Nombre de usuario o direcci\u00f3n de correo electr\u00f3nico Contrase\u00f1a Recu\u00e9rdame \u00bfHas olvidado la contrase\u00f1a? Nombre de usuario o direcci\u00f3n de correo electr\u00f3nico Reg\u00edstrate<\/p>\n","protected":false},"author":7189,"featured_media":0,"parent":0,"menu_order":0,"comment_status":"closed","ping_status":"closed","template":"","meta":{"_acf_changed":false,"footnotes":""},"class_list":["post-24065","page","type-page","status-publish","hentry"],"acf":[],"yoast_head":"<!-- This site is optimized with the Yoast SEO Premium plugin v19.6 (Yoast SEO v27.4) - https:\/\/yoast.com\/product\/yoast-seo-premium-wordpress\/ -->\n<title>Unauthorized access - Estulin.Media<\/title>\n<meta name=\"robots\" content=\"index, follow, max-snippet:-1, max-image-preview:large, max-video-preview:-1\" \/>\n<link rel=\"canonical\" href=\"https:\/\/estulin.media\/en\/unauthorized-access\/\" \/>\n<meta property=\"og:locale\" content=\"en_US\" \/>\n<meta property=\"og:type\" content=\"article\" \/>\n<meta property=\"og:title\" content=\"Unauthorized access\" \/>\n<meta property=\"og:description\" content=\"UNAUTHORIZED ACCESS You require an Active Subscription In order to view this content you need to subscribe to an Estulin.Media membership SI YA CUENTAS CON UNA SUSCRIPCI\u00d3NINICIA SESI\u00d3N AQU\u00cd Nombre de usuario o direcci\u00f3n de correo electr\u00f3nico Contrase\u00f1a Recu\u00e9rdame \u00bfHas olvidado la contrase\u00f1a? Nombre de usuario o direcci\u00f3n de correo electr\u00f3nico Reg\u00edstrate\" \/>\n<meta property=\"og:url\" content=\"https:\/\/estulin.media\/en\/unauthorized-access\/\" \/>\n<meta property=\"og:site_name\" content=\"Estulin.Media\" \/>\n<meta property=\"article:modified_time\" content=\"2024-03-23T19:15:32+00:00\" \/>\n<meta property=\"og:image\" content=\"https:\/\/estulin.media\/wp-content\/uploads\/2023\/02\/31018584_639a54b6b9931_FodoDESTUlin1.jpeg\" \/>\n<meta name=\"twitter:card\" content=\"summary_large_image\" \/>\n<script type=\"application\/ld+json\" class=\"yoast-schema-graph\">{\"@context\":\"https:\\\/\\\/schema.org\",\"@graph\":[{\"@type\":\"WebPage\",\"@id\":\"https:\\\/\\\/estulin.media\\\/en\\\/unauthorized-access\\\/\",\"url\":\"https:\\\/\\\/estulin.media\\\/en\\\/unauthorized-access\\\/\",\"name\":\"Unauthorized access - Estulin.Media\",\"isPartOf\":{\"@id\":\"https:\\\/\\\/estulin.media\\\/#website\"},\"primaryImageOfPage\":{\"@id\":\"https:\\\/\\\/estulin.media\\\/en\\\/unauthorized-access\\\/#primaryimage\"},\"image\":{\"@id\":\"https:\\\/\\\/estulin.media\\\/en\\\/unauthorized-access\\\/#primaryimage\"},\"thumbnailUrl\":\"https:\\\/\\\/estulin.media\\\/wp-content\\\/uploads\\\/2023\\\/02\\\/31018584_639a54b6b9931_FodoDESTUlin1.jpeg\",\"datePublished\":\"2023-05-12T20:32:45+00:00\",\"dateModified\":\"2024-03-23T19:15:32+00:00\",\"breadcrumb\":{\"@id\":\"https:\\\/\\\/estulin.media\\\/en\\\/unauthorized-access\\\/#breadcrumb\"},\"inLanguage\":\"en-US\",\"potentialAction\":[{\"@type\":\"ReadAction\",\"target\":[\"https:\\\/\\\/estulin.media\\\/en\\\/unauthorized-access\\\/\"]}]},{\"@type\":\"ImageObject\",\"inLanguage\":\"en-US\",\"@id\":\"https:\\\/\\\/estulin.media\\\/en\\\/unauthorized-access\\\/#primaryimage\",\"url\":\"https:\\\/\\\/estulin.media\\\/wp-content\\\/uploads\\\/2023\\\/02\\\/31018584_639a54b6b9931_FodoDESTUlin1.jpeg\",\"contentUrl\":\"https:\\\/\\\/estulin.media\\\/wp-content\\\/uploads\\\/2023\\\/02\\\/31018584_639a54b6b9931_FodoDESTUlin1.jpeg\"},{\"@type\":\"BreadcrumbList\",\"@id\":\"https:\\\/\\\/estulin.media\\\/en\\\/unauthorized-access\\\/#breadcrumb\",\"itemListElement\":[{\"@type\":\"ListItem\",\"position\":1,\"name\":\"Portada\",\"item\":\"https:\\\/\\\/estulin.media\\\/\"},{\"@type\":\"ListItem\",\"position\":2,\"name\":\"Unauthorized access\"}]},{\"@type\":\"WebSite\",\"@id\":\"https:\\\/\\\/estulin.media\\\/#website\",\"url\":\"https:\\\/\\\/estulin.media\\\/\",\"name\":\"Estulin.Media\",\"description\":\"Tras 25 a\u00f1os en la KGB, Daniel ESTULIN presenta ESTULIN MEDIA. La plataforma donde tienes toda la informaci\u00f3n del futuro al alcance de tu mano.\",\"publisher\":{\"@id\":\"https:\\\/\\\/estulin.media\\\/#organization\"},\"potentialAction\":[{\"@type\":\"SearchAction\",\"target\":{\"@type\":\"EntryPoint\",\"urlTemplate\":\"https:\\\/\\\/estulin.media\\\/?s={search_term_string}\"},\"query-input\":{\"@type\":\"PropertyValueSpecification\",\"valueRequired\":true,\"valueName\":\"search_term_string\"}}],\"inLanguage\":\"en-US\"},{\"@type\":\"Organization\",\"@id\":\"https:\\\/\\\/estulin.media\\\/#organization\",\"name\":\"Estulin.Media\",\"url\":\"https:\\\/\\\/estulin.media\\\/\",\"logo\":{\"@type\":\"ImageObject\",\"inLanguage\":\"en-US\",\"@id\":\"https:\\\/\\\/estulin.media\\\/#\\\/schema\\\/logo\\\/image\\\/\",\"url\":\"https:\\\/\\\/wn15d3.p3cdn1.secureserver.net\\\/wp-content\\\/uploads\\\/2022\\\/10\\\/WhatsApp-Image-2022-09-25-at-12.27.03-PM.jpeg?time=1666025761\",\"contentUrl\":\"https:\\\/\\\/wn15d3.p3cdn1.secureserver.net\\\/wp-content\\\/uploads\\\/2022\\\/10\\\/WhatsApp-Image-2022-09-25-at-12.27.03-PM.jpeg?time=1666025761\",\"width\":1280,\"height\":1280,\"caption\":\"Estulin.Media\"},\"image\":{\"@id\":\"https:\\\/\\\/estulin.media\\\/#\\\/schema\\\/logo\\\/image\\\/\"}}]}<\/script>\n<!-- \/ Yoast SEO Premium plugin. -->","yoast_head_json":{"title":"Unauthorized access - Estulin.Media","robots":{"index":"index","follow":"follow","max-snippet":"max-snippet:-1","max-image-preview":"max-image-preview:large","max-video-preview":"max-video-preview:-1"},"canonical":"https:\/\/estulin.media\/en\/unauthorized-access\/","og_locale":"en_US","og_type":"article","og_title":"Unauthorized access","og_description":"UNAUTHORIZED ACCESS You require an Active Subscription In order to view this content you need to subscribe to an Estulin.Media membership SI YA CUENTAS CON UNA SUSCRIPCI\u00d3NINICIA SESI\u00d3N AQU\u00cd Nombre de usuario o direcci\u00f3n de correo electr\u00f3nico Contrase\u00f1a Recu\u00e9rdame \u00bfHas olvidado la contrase\u00f1a? Nombre de usuario o direcci\u00f3n de correo electr\u00f3nico Reg\u00edstrate","og_url":"https:\/\/estulin.media\/en\/unauthorized-access\/","og_site_name":"Estulin.Media","article_modified_time":"2024-03-23T19:15:32+00:00","og_image":[{"url":"https:\/\/estulin.media\/wp-content\/uploads\/2023\/02\/31018584_639a54b6b9931_FodoDESTUlin1.jpeg","type":"","width":"","height":""}],"twitter_card":"summary_large_image","schema":{"@context":"https:\/\/schema.org","@graph":[{"@type":"WebPage","@id":"https:\/\/estulin.media\/en\/unauthorized-access\/","url":"https:\/\/estulin.media\/en\/unauthorized-access\/","name":"Unauthorized access - Estulin.Media","isPartOf":{"@id":"https:\/\/estulin.media\/#website"},"primaryImageOfPage":{"@id":"https:\/\/estulin.media\/en\/unauthorized-access\/#primaryimage"},"image":{"@id":"https:\/\/estulin.media\/en\/unauthorized-access\/#primaryimage"},"thumbnailUrl":"https:\/\/estulin.media\/wp-content\/uploads\/2023\/02\/31018584_639a54b6b9931_FodoDESTUlin1.jpeg","datePublished":"2023-05-12T20:32:45+00:00","dateModified":"2024-03-23T19:15:32+00:00","breadcrumb":{"@id":"https:\/\/estulin.media\/en\/unauthorized-access\/#breadcrumb"},"inLanguage":"en-US","potentialAction":[{"@type":"ReadAction","target":["https:\/\/estulin.media\/en\/unauthorized-access\/"]}]},{"@type":"ImageObject","inLanguage":"en-US","@id":"https:\/\/estulin.media\/en\/unauthorized-access\/#primaryimage","url":"https:\/\/estulin.media\/wp-content\/uploads\/2023\/02\/31018584_639a54b6b9931_FodoDESTUlin1.jpeg","contentUrl":"https:\/\/estulin.media\/wp-content\/uploads\/2023\/02\/31018584_639a54b6b9931_FodoDESTUlin1.jpeg"},{"@type":"BreadcrumbList","@id":"https:\/\/estulin.media\/en\/unauthorized-access\/#breadcrumb","itemListElement":[{"@type":"ListItem","position":1,"name":"Portada","item":"https:\/\/estulin.media\/"},{"@type":"ListItem","position":2,"name":"Unauthorized access"}]},{"@type":"WebSite","@id":"https:\/\/estulin.media\/#website","url":"https:\/\/estulin.media\/","name":"Estulin.Media","description":"Tras 25 a\u00f1os en la KGB, Daniel ESTULIN presenta ESTULIN MEDIA. La plataforma donde tienes toda la informaci\u00f3n del futuro al alcance de tu mano.","publisher":{"@id":"https:\/\/estulin.media\/#organization"},"potentialAction":[{"@type":"SearchAction","target":{"@type":"EntryPoint","urlTemplate":"https:\/\/estulin.media\/?s={search_term_string}"},"query-input":{"@type":"PropertyValueSpecification","valueRequired":true,"valueName":"search_term_string"}}],"inLanguage":"en-US"},{"@type":"Organization","@id":"https:\/\/estulin.media\/#organization","name":"Estulin.Media","url":"https:\/\/estulin.media\/","logo":{"@type":"ImageObject","inLanguage":"en-US","@id":"https:\/\/estulin.media\/#\/schema\/logo\/image\/","url":"https:\/\/wn15d3.p3cdn1.secureserver.net\/wp-content\/uploads\/2022\/10\/WhatsApp-Image-2022-09-25-at-12.27.03-PM.jpeg?time=1666025761","contentUrl":"https:\/\/wn15d3.p3cdn1.secureserver.net\/wp-content\/uploads\/2022\/10\/WhatsApp-Image-2022-09-25-at-12.27.03-PM.jpeg?time=1666025761","width":1280,"height":1280,"caption":"Estulin.Media"},"image":{"@id":"https:\/\/estulin.media\/#\/schema\/logo\/image\/"}}]}},"_links":{"self":[{"href":"https:\/\/estulin.media\/en\/wp-json\/wp\/v2\/pages\/24065","targetHints":{"allow":["GET"]}}],"collection":[{"href":"https:\/\/estulin.media\/en\/wp-json\/wp\/v2\/pages"}],"about":[{"href":"https:\/\/estulin.media\/en\/wp-json\/wp\/v2\/types\/page"}],"author":[{"embeddable":true,"href":"https:\/\/estulin.media\/en\/wp-json\/wp\/v2\/users\/7189"}],"replies":[{"embeddable":true,"href":"https:\/\/estulin.media\/en\/wp-json\/wp\/v2\/comments?post=24065"}],"version-history":[{"count":1,"href":"https:\/\/estulin.media\/en\/wp-json\/wp\/v2\/pages\/24065\/revisions"}],"predecessor-version":[{"id":24067,"href":"https:\/\/estulin.media\/en\/wp-json\/wp\/v2\/pages\/24065\/revisions\/24067"}],"wp:attachment":[{"href":"https:\/\/estulin.media\/en\/wp-json\/wp\/v2\/media?parent=24065"}],"curies":[{"name":"wp","href":"https:\/\/api.w.org\/{rel}","templated":true}]}}