{"id":24059,"date":"2023-01-30T15:38:28","date_gmt":"2023-01-30T20:38:28","guid":{"rendered":"https:\/\/estulin.media\/member-access\/"},"modified":"2024-03-26T15:19:55","modified_gmt":"2024-03-26T20:19:55","slug":"member-access","status":"publish","type":"page","link":"https:\/\/estulin.media\/en\/member-access\/","title":{"rendered":"Member Access"},"content":{"rendered":"\t\t<div data-elementor-type=\"wp-page\" data-elementor-id=\"24059\" class=\"elementor elementor-24059 elementor-6675\" data-elementor-post-type=\"page\">\n\t\t\t\t\t\t<section data-particle_enable=\"false\" data-particle-mobile-disabled=\"false\" class=\"elementor-section elementor-top-section elementor-element elementor-element-4eb2cf5 elementor-section-boxed elementor-section-height-default elementor-section-height-default\" data-id=\"4eb2cf5\" data-element_type=\"section\" data-e-type=\"section\" data-settings=\"{&quot;background_background&quot;:&quot;classic&quot;}\">\n\t\t\t\t\t\t<div class=\"elementor-container elementor-column-gap-default\">\n\t\t\t\t\t<div class=\"elementor-column elementor-col-100 elementor-top-column elementor-element elementor-element-d8ce2e0\" data-id=\"d8ce2e0\" data-element_type=\"column\" data-e-type=\"column\">\n\t\t\t<div class=\"elementor-widget-wrap elementor-element-populated\">\n\t\t\t\t\t\t<div class=\"elementor-element elementor-element-7c81041 elementor-widget elementor-widget-heading\" data-id=\"7c81041\" data-element_type=\"widget\" data-e-type=\"widget\" data-widget_type=\"heading.default\">\n\t\t\t\t<div class=\"elementor-widget-container\">\n\t\t\t\t\t<h1 class=\"elementor-heading-title elementor-size-default\">MemBER ACCESS<\/h1>\t\t\t\t<\/div>\n\t\t\t\t<\/div>\n\t\t\t\t<section data-particle_enable=\"false\" data-particle-mobile-disabled=\"false\" class=\"elementor-section elementor-inner-section elementor-element elementor-element-c769071 elementor-section-boxed elementor-section-height-default elementor-section-height-default\" data-id=\"c769071\" data-element_type=\"section\" data-e-type=\"section\">\n\t\t\t\t\t\t<div class=\"elementor-container elementor-column-gap-default\">\n\t\t\t\t\t<div class=\"elementor-column elementor-col-100 elementor-inner-column elementor-element elementor-element-a2b5d7f\" data-id=\"a2b5d7f\" data-element_type=\"column\" data-e-type=\"column\">\n\t\t\t<div class=\"elementor-widget-wrap elementor-element-populated\">\n\t\t\t\t\t\t<div class=\"elementor-element elementor-element-1ff9657 elementor-widget elementor-widget-heading\" data-id=\"1ff9657\" data-element_type=\"widget\" data-e-type=\"widget\" data-widget_type=\"heading.default\">\n\t\t\t\t<div class=\"elementor-widget-container\">\n\t\t\t\t\t<h2 class=\"elementor-heading-title elementor-size-default\">You are already a member log in<\/h2>\t\t\t\t<\/div>\n\t\t\t\t<\/div>\n\t\t\t\t<div class=\"elementor-element elementor-element-7717811 elementor-widget elementor-widget-eael-login-register\" data-id=\"7717811\" data-element_type=\"widget\" data-e-type=\"widget\" data-widget_type=\"eael-login-register.default\">\n\t\t\t\t<div class=\"elementor-widget-container\">\n\t\t\t\t\t        <div class=\"eael-login-registration-wrapper \"\n             data-is-ajax=\"\"\n             data-widget-id=\"7717811\"\n             data-page-id=\"24059\"\n             data-recaptcha-sitekey=\"6LdiIvElAAAAAD3rOayvLjFxwt9HySpBw9uRzKl3\"\n\t\t\t data-recaptcha-sitekey-v3=\"\"\n\t\t\t data-login-recaptcha-version=\"v2\"\n\t\t\t data-register-recaptcha-version=\"v2\"\n\t\t\t data-lostpassword-recaptcha-version=\"v2\"\n             data-redirect-to=\"https:\/\/estulin.media\/en\/private-area\/\"\n             data-resetpassword-redirect-to=\"\"\n        >\n\t\t\t            <section id=\"eael-login-form-wrapper\" class=\"\" data-recaptcha-theme=\"light\" data-recaptcha-size=\"normal\">\n                <div class=\"eael-login-form-wrapper eael-lr-form-wrapper style-2 \">\n\t\t\t\t\t                        <div class=\"lr-form-wrapper\">\n\t\t\t\t\t\t\t\t\t\t\t\t\t\t                            <form class=\"eael-login-form eael-lr-form\"\n                                  id=\"eael-login-form\"\n                                  method=\"post\">\n\t\t\t\t\t\t\t\t                                <div class=\"eael-lr-form-group eael-user-login\">\n\t\t\t\t\t\t\t\t\t<label for=\"eael-user-login\" class=\"eael-field-label\">Username or Email Address<\/label>                                    <input type=\"text\"\n                                           name=\"eael-user-login\"\n                                           id=\"eael-user-login\"\n                                           class=\"eael-lr-form-control\"\n                                           placeholder=\"Username or Email Address\"\n                                           required autocomplete=\"username email\">\n\t\t\t\t\t\t\t\t\t                                <\/div>\n                                <div class=\"eael-lr-form-group eael-user-password\">\n\t\t\t\t\t\t\t\t\t<label for=\"eael-user-password\" class=\"eael-field-label\">Password<\/label>                                    <div class=\"eael-lr-password-wrapper\">\n                                        <input type=\"password\"\n                                               name=\"eael-user-password\"\n                                               class=\"eael-lr-form-control\"\n                                               id=\"eael-user-password\"\n                                               placeholder=\"Password\"\n                                               required autocomplete=\"current-password\">\n\t\t\t\t\t\t\t\t\t\t                                            <button type=\"button\"\n                                                    id=\"wp-hide-pw\"\n                                                    class=\"wp-hide-pw hide-if-no-js\"\n                                                    aria-label=\"Show password\">\n                                                <span class=\"dashicons dashicons-visibility\"\n                                                      aria-hidden=\"true\"><\/span>\n                                            <\/button>\n\t\t\t\t\t\t\t\t\t\t\t\t\t\t\t\t\t\t\t\t                                    <\/div>\n                                <\/div>\n                                <div class=\"eael-forever-forget eael-lr-form-group\">\n\t\t\t\t\t\t\t\t\t                                        <p class=\"forget-menot\">\n                                            <input name=\"eael-rememberme\" type=\"checkbox\" id=\"rememberme\"  class=\"remember-me lr-checkbox\" value=\"forever\">\n                                            <label for=\"rememberme\" class=\"eael-checkbox-label rememberme\">Remember me<\/label>\n                                        <\/p>\n\t\t\t\t\t\t\t\t\t<p class=\"forget-pass\"><a href=\"https:\/\/estulin.media\/mi-cuenta\/lost-password\/\">Have you forgotten the password?<\/a><\/p>\n                                <\/div>\n\n\t\t\t\t\t\t\t\t<input type='hidden' name='g-recaptcha-enabled' value='1'\/><div id='login-recaptcha-node-7717811' class='eael-recaptcha-wrapper'><\/div>\n\n                                <div class=\"eael-lr-footer\">\n\t\t\t\t\t\t\t\t\t<div class=\"eael-lr-form-loader-wrapper\">\n\t\t\t\t\t\t\t\t\t\t<button type=\"submit\" name=\"eael-login-submit\" id=\"eael-login-submit\" class=\"g-recaptcha eael-lr-btn eael-lr-btn-block \">\n\t\t\t\t\t\t\t\t\t\t\tLog in\t\t\t\t\t\t\t\t\t\t<\/button>\n\t\t\t\t\t\t\t\t\t\t\n\t\t\t\t\t\t\t\t\t\t\n\t\t\t\t\t\t\t\t\t<\/div>\n\t\t\t\t\t\t\t\t\t\n                                <\/div>\n\t\t\t\t\t\t\t\t<div class=\"eael-form-validation-container\"><\/div>                <input type=\"hidden\"\n                       name=\"redirect_to\"\n                       value=\"https:\/\/estulin.media\/en\/private-area\/\">\n\t\t\t<input type=\"hidden\" id=\"eael-login-nonce\" name=\"eael-login-nonce\" value=\"eea0c39dda\" \/><input type=\"hidden\" name=\"_wp_http_referer\" value=\"\/en\/wp-json\/wp\/v2\/pages\/24059\" \/>        <input type=\"hidden\"\n               name=\"page_id\"\n               value=\"24059\">\n\t\t<input type=\"hidden\"\n               name=\"page_id_for_popup\"\n               value=\"24059\">\t   \n\t\t<input type=\"hidden\"\n               name=\"resetpassword_in_popup_selector\"\n               value=\"\">\n        <input type=\"hidden\"\n               name=\"widget_id\"\n               value=\"7717811\">\n\t\t                            <\/form>\n\t\t\t\t\t\t\t                        <\/div>\n\t\t\t\t\t\t                <\/div>\n\n            <\/section>\n\n\t\t\t<script>\n\t\t\t\tjQuery(document).ready(function($){\n\t\t\t\t\tvar eael_get_login_status = localStorage.getItem( 'eael-is-login-form' );\n\t\t\t\t\tif( eael_get_login_status === 'true' ) {\n\t\t\t\t\t\tsetTimeout(function() {\n\t\t\t\t\t\t\tvar button = jQuery('[eael-login=\"yes\"]');\n\t\t\t\t\t\t\tif( ! button.hasClass('eael-clicked') ) {\n\t\t\t\t\t\t\t\tbutton.trigger('click').addClass('eael-clicked');\n\t\t\t\t\t\t\t}\n\t\t\t\t\t\t}, 100);\n\n\t\t\t\t\t\tsetTimeout(function() {\n\t\t\t\t\t\t\tjQuery('[eael-login=\"yes\"]').removeClass('eael-clicked')\n\t\t\t\t\t\t}, 500);\n\t\t\t\t\t}\n\t\t\t\t});\n\t\t\t<\/script>\n\t\t\t            <section\n                    id=\"eael-lostpassword-form-wrapper\"\n                    class=\"eael-lr-d-none\"\n\t\t\t\t\tdata-recaptcha-theme=\"light\"\n                    data-recaptcha-size=\"normal\"\n                    >\n                <div class=\"eael-lostpassword-form-wrapper eael-lr-form-wrapper style-2 \">\n\t\t\t\t\t\t\t\t\t\t<div class=\"lr-form-wrapper\">\n\t\t\t\t\t\t\t\t\t\t\t\t\t\t\t\t\t\t<form class=\"eael-lostpassword-form eael-lr-form\" id=\"eael-lostpassword-form\" method=\"post\">\n\t\t\t\t\t\t\t\t\t\t\t\t\t\t<div class=\"eael-lr-form-group \">\n\t\t\t\t\t\t\t\t<label for=\"eael-user-lostpassword\" class=\"eael-field-label\">Username or Email Address<\/label>\t\t\t\t\t\t\t\t<input type=\"text\" name=\"eael-user-lostpassword\" id=\"eael-user-lostpassword\" class=\"eael-lr-form-control\" placeholder=\"Username or Email Address\" required>\n\t\t\t\t\t\t\t\t\t\t\t\t\t\t\t<\/div>\n\n\t\t\t\t\t\t\t\n\t\t\t\t\t\t\t<div class=\"eael-lr-footer\">\n\t\t\t\t\t\t\t\t<button type=\"submit\" name=\"eael-lostpassword-submit\" id=\"eael-lostpassword-submit\" class=\"g-recaptcha eael-lr-btn eael-lr-btn-block   \">Restablecer la contrase\u00f1a<\/button>\n\t\t\t\t\t\t\t\t\t\t\t\t\t\t\t\t\t<div class=\"eael-sign-wrapper \">\n\t\t\t\t\t\t\t\t\t\t<span class=\"d-ib\"> <\/span> <a href=\"\" id=\"eael-lr-login-toggle-lostpassword\" class=\"eael-lr-link\" data-action=\"form\">Reg\u00edstrate<\/a>\t\t\t\t\t\t\t\t\t<\/div>\n\t\t\t\t\t\t\t\t\n\t\t\t\t\t\t\t<\/div>\n\t\t\t\t\t\t\t<div class=\"eael-form-validation-container\"><\/div><input type=\"hidden\" id=\"eael-lostpassword-nonce\" name=\"eael-lostpassword-nonce\" value=\"91a0558de7\" \/><input type=\"hidden\" name=\"_wp_http_referer\" value=\"\/en\/wp-json\/wp\/v2\/pages\/24059\" \/>        <input type=\"hidden\"\n               name=\"page_id\"\n               value=\"24059\">\n\t\t<input type=\"hidden\"\n               name=\"page_id_for_popup\"\n               value=\"24059\">\t   \n\t\t<input type=\"hidden\"\n               name=\"resetpassword_in_popup_selector\"\n               value=\"\">\n        <input type=\"hidden\"\n               name=\"widget_id\"\n               value=\"7717811\">\n\t\t\t\t\t\t\t\t<\/form>\n\t\t\t\t\t\t\t\t\t\t\t<\/div>\n\t\t\t\t\t                <\/div>\n\n            <\/section>\n\t\t\t        <\/div>\n\n\t\t\t\t\t\t<\/div>\n\t\t\t\t<\/div>\n\t\t\t\t\t<\/div>\n\t\t<\/div>\n\t\t\t\t\t<\/div>\n\t\t<\/section>\n\t\t\t\t\t<\/div>\n\t\t<\/div>\n\t\t\t\t\t<\/div>\n\t\t<\/section>\n\t\t\t\t<\/div>\n\t\t","protected":false},"excerpt":{"rendered":"<p>MemBER ACCESS You are already a member log in Ya est\u00e1s conectado como Santiago Perez. (Salir) Nombre de usuario o direcci\u00f3n de correo electr\u00f3nico Reg\u00edstrate<\/p>\n","protected":false},"author":7189,"featured_media":0,"parent":0,"menu_order":0,"comment_status":"closed","ping_status":"closed","template":"","meta":{"_acf_changed":false,"footnotes":""},"class_list":["post-24059","page","type-page","status-publish","hentry"],"acf":[],"yoast_head":"<!-- This site is optimized with the Yoast SEO Premium plugin v19.6 (Yoast SEO v27.4) - https:\/\/yoast.com\/product\/yoast-seo-premium-wordpress\/ -->\n<title>Member Access - Estulin.Media<\/title>\n<meta name=\"robots\" content=\"index, follow, max-snippet:-1, max-image-preview:large, max-video-preview:-1\" \/>\n<link rel=\"canonical\" href=\"https:\/\/estulin.media\/en\/member-access\/\" \/>\n<meta property=\"og:locale\" content=\"en_US\" \/>\n<meta property=\"og:type\" content=\"article\" \/>\n<meta property=\"og:title\" content=\"Member Access\" \/>\n<meta property=\"og:description\" content=\"MemBER ACCESS You are already a member log in Ya est\u00e1s conectado como Santiago Perez. (Salir) Nombre de usuario o direcci\u00f3n de correo electr\u00f3nico Reg\u00edstrate\" \/>\n<meta property=\"og:url\" content=\"https:\/\/estulin.media\/en\/member-access\/\" \/>\n<meta property=\"og:site_name\" content=\"Estulin.Media\" \/>\n<meta property=\"article:modified_time\" content=\"2024-03-26T20:19:55+00:00\" \/>\n<meta name=\"twitter:card\" content=\"summary_large_image\" \/>\n<meta name=\"twitter:label1\" content=\"Est. reading time\" \/>\n\t<meta name=\"twitter:data1\" content=\"1 minute\" \/>\n<script type=\"application\/ld+json\" class=\"yoast-schema-graph\">{\"@context\":\"https:\\\/\\\/schema.org\",\"@graph\":[{\"@type\":\"WebPage\",\"@id\":\"https:\\\/\\\/estulin.media\\\/en\\\/member-access\\\/\",\"url\":\"https:\\\/\\\/estulin.media\\\/en\\\/member-access\\\/\",\"name\":\"Member Access - Estulin.Media\",\"isPartOf\":{\"@id\":\"https:\\\/\\\/estulin.media\\\/#website\"},\"datePublished\":\"2023-01-30T20:38:28+00:00\",\"dateModified\":\"2024-03-26T20:19:55+00:00\",\"breadcrumb\":{\"@id\":\"https:\\\/\\\/estulin.media\\\/en\\\/member-access\\\/#breadcrumb\"},\"inLanguage\":\"en-US\",\"potentialAction\":[{\"@type\":\"ReadAction\",\"target\":[\"https:\\\/\\\/estulin.media\\\/en\\\/member-access\\\/\"]}]},{\"@type\":\"BreadcrumbList\",\"@id\":\"https:\\\/\\\/estulin.media\\\/en\\\/member-access\\\/#breadcrumb\",\"itemListElement\":[{\"@type\":\"ListItem\",\"position\":1,\"name\":\"Portada\",\"item\":\"https:\\\/\\\/estulin.media\\\/\"},{\"@type\":\"ListItem\",\"position\":2,\"name\":\"Member Access\"}]},{\"@type\":\"WebSite\",\"@id\":\"https:\\\/\\\/estulin.media\\\/#website\",\"url\":\"https:\\\/\\\/estulin.media\\\/\",\"name\":\"Estulin.Media\",\"description\":\"Tras 25 a\u00f1os en la KGB, Daniel ESTULIN presenta ESTULIN MEDIA. La plataforma donde tienes toda la informaci\u00f3n del futuro al alcance de tu mano.\",\"publisher\":{\"@id\":\"https:\\\/\\\/estulin.media\\\/#organization\"},\"potentialAction\":[{\"@type\":\"SearchAction\",\"target\":{\"@type\":\"EntryPoint\",\"urlTemplate\":\"https:\\\/\\\/estulin.media\\\/?s={search_term_string}\"},\"query-input\":{\"@type\":\"PropertyValueSpecification\",\"valueRequired\":true,\"valueName\":\"search_term_string\"}}],\"inLanguage\":\"en-US\"},{\"@type\":\"Organization\",\"@id\":\"https:\\\/\\\/estulin.media\\\/#organization\",\"name\":\"Estulin.Media\",\"url\":\"https:\\\/\\\/estulin.media\\\/\",\"logo\":{\"@type\":\"ImageObject\",\"inLanguage\":\"en-US\",\"@id\":\"https:\\\/\\\/estulin.media\\\/#\\\/schema\\\/logo\\\/image\\\/\",\"url\":\"https:\\\/\\\/wn15d3.p3cdn1.secureserver.net\\\/wp-content\\\/uploads\\\/2022\\\/10\\\/WhatsApp-Image-2022-09-25-at-12.27.03-PM.jpeg?time=1666025761\",\"contentUrl\":\"https:\\\/\\\/wn15d3.p3cdn1.secureserver.net\\\/wp-content\\\/uploads\\\/2022\\\/10\\\/WhatsApp-Image-2022-09-25-at-12.27.03-PM.jpeg?time=1666025761\",\"width\":1280,\"height\":1280,\"caption\":\"Estulin.Media\"},\"image\":{\"@id\":\"https:\\\/\\\/estulin.media\\\/#\\\/schema\\\/logo\\\/image\\\/\"}}]}<\/script>\n<!-- \/ Yoast SEO Premium plugin. -->","yoast_head_json":{"title":"Member Access - Estulin.Media","robots":{"index":"index","follow":"follow","max-snippet":"max-snippet:-1","max-image-preview":"max-image-preview:large","max-video-preview":"max-video-preview:-1"},"canonical":"https:\/\/estulin.media\/en\/member-access\/","og_locale":"en_US","og_type":"article","og_title":"Member Access","og_description":"MemBER ACCESS You are already a member log in Ya est\u00e1s conectado como Santiago Perez. (Salir) Nombre de usuario o direcci\u00f3n de correo electr\u00f3nico Reg\u00edstrate","og_url":"https:\/\/estulin.media\/en\/member-access\/","og_site_name":"Estulin.Media","article_modified_time":"2024-03-26T20:19:55+00:00","twitter_card":"summary_large_image","twitter_misc":{"Est. reading time":"1 minute"},"schema":{"@context":"https:\/\/schema.org","@graph":[{"@type":"WebPage","@id":"https:\/\/estulin.media\/en\/member-access\/","url":"https:\/\/estulin.media\/en\/member-access\/","name":"Member Access - Estulin.Media","isPartOf":{"@id":"https:\/\/estulin.media\/#website"},"datePublished":"2023-01-30T20:38:28+00:00","dateModified":"2024-03-26T20:19:55+00:00","breadcrumb":{"@id":"https:\/\/estulin.media\/en\/member-access\/#breadcrumb"},"inLanguage":"en-US","potentialAction":[{"@type":"ReadAction","target":["https:\/\/estulin.media\/en\/member-access\/"]}]},{"@type":"BreadcrumbList","@id":"https:\/\/estulin.media\/en\/member-access\/#breadcrumb","itemListElement":[{"@type":"ListItem","position":1,"name":"Portada","item":"https:\/\/estulin.media\/"},{"@type":"ListItem","position":2,"name":"Member Access"}]},{"@type":"WebSite","@id":"https:\/\/estulin.media\/#website","url":"https:\/\/estulin.media\/","name":"Estulin.Media","description":"Tras 25 a\u00f1os en la KGB, Daniel ESTULIN presenta ESTULIN MEDIA. La plataforma donde tienes toda la informaci\u00f3n del futuro al alcance de tu mano.","publisher":{"@id":"https:\/\/estulin.media\/#organization"},"potentialAction":[{"@type":"SearchAction","target":{"@type":"EntryPoint","urlTemplate":"https:\/\/estulin.media\/?s={search_term_string}"},"query-input":{"@type":"PropertyValueSpecification","valueRequired":true,"valueName":"search_term_string"}}],"inLanguage":"en-US"},{"@type":"Organization","@id":"https:\/\/estulin.media\/#organization","name":"Estulin.Media","url":"https:\/\/estulin.media\/","logo":{"@type":"ImageObject","inLanguage":"en-US","@id":"https:\/\/estulin.media\/#\/schema\/logo\/image\/","url":"https:\/\/wn15d3.p3cdn1.secureserver.net\/wp-content\/uploads\/2022\/10\/WhatsApp-Image-2022-09-25-at-12.27.03-PM.jpeg?time=1666025761","contentUrl":"https:\/\/wn15d3.p3cdn1.secureserver.net\/wp-content\/uploads\/2022\/10\/WhatsApp-Image-2022-09-25-at-12.27.03-PM.jpeg?time=1666025761","width":1280,"height":1280,"caption":"Estulin.Media"},"image":{"@id":"https:\/\/estulin.media\/#\/schema\/logo\/image\/"}}]}},"_links":{"self":[{"href":"https:\/\/estulin.media\/en\/wp-json\/wp\/v2\/pages\/24059","targetHints":{"allow":["GET"]}}],"collection":[{"href":"https:\/\/estulin.media\/en\/wp-json\/wp\/v2\/pages"}],"about":[{"href":"https:\/\/estulin.media\/en\/wp-json\/wp\/v2\/types\/page"}],"author":[{"embeddable":true,"href":"https:\/\/estulin.media\/en\/wp-json\/wp\/v2\/users\/7189"}],"replies":[{"embeddable":true,"href":"https:\/\/estulin.media\/en\/wp-json\/wp\/v2\/comments?post=24059"}],"version-history":[{"count":5,"href":"https:\/\/estulin.media\/en\/wp-json\/wp\/v2\/pages\/24059\/revisions"}],"predecessor-version":[{"id":24349,"href":"https:\/\/estulin.media\/en\/wp-json\/wp\/v2\/pages\/24059\/revisions\/24349"}],"wp:attachment":[{"href":"https:\/\/estulin.media\/en\/wp-json\/wp\/v2\/media?parent=24059"}],"curies":[{"name":"wp","href":"https:\/\/api.w.org\/{rel}","templated":true}]}}