{"id":24053,"date":"2022-09-01T20:21:41","date_gmt":"2022-09-02T01:21:41","guid":{"rendered":"https:\/\/estulin.media\/my-account\/"},"modified":"2024-03-23T14:02:40","modified_gmt":"2024-03-23T19:02:40","slug":"my-account","status":"publish","type":"page","link":"https:\/\/estulin.media\/en\/my-account\/","title":{"rendered":"My account"},"content":{"rendered":"\t\t<div data-elementor-type=\"wp-page\" data-elementor-id=\"24053\" class=\"elementor elementor-24053 elementor-27\" data-elementor-post-type=\"page\">\n\t\t\t\t\t\t<section data-particle_enable=\"false\" data-particle-mobile-disabled=\"false\" class=\"elementor-section elementor-top-section elementor-element elementor-element-961c0dd elementor-section-boxed elementor-section-height-default elementor-section-height-default\" data-id=\"961c0dd\" data-element_type=\"section\" data-e-type=\"section\">\n\t\t\t\t\t\t<div class=\"elementor-container elementor-column-gap-default\">\n\t\t\t\t\t<div class=\"elementor-column elementor-col-100 elementor-top-column elementor-element elementor-element-5f81f5a\" data-id=\"5f81f5a\" data-element_type=\"column\" data-e-type=\"column\">\n\t\t\t<div class=\"elementor-widget-wrap elementor-element-populated\">\n\t\t\t\t\t\t<div class=\"elementor-element elementor-element-f3c9391 elementor-widget elementor-widget-heading\" data-id=\"f3c9391\" data-element_type=\"widget\" data-e-type=\"widget\" data-widget_type=\"heading.default\">\n\t\t\t\t<div class=\"elementor-widget-container\">\n\t\t\t\t\t<h1 class=\"elementor-heading-title elementor-size-medium\">My account<\/h1>\t\t\t\t<\/div>\n\t\t\t\t<\/div>\n\t\t\t\t\t<\/div>\n\t\t<\/div>\n\t\t\t\t\t<\/div>\n\t\t<\/section>\n\t\t\t\t<section data-particle_enable=\"false\" data-particle-mobile-disabled=\"false\" class=\"dce-visibility-event elementor-section elementor-top-section elementor-element elementor-element-ade4fce elementor-section-content-middle elementor-section-boxed elementor-section-height-default elementor-section-height-default\" data-id=\"ade4fce\" data-element_type=\"section\" data-e-type=\"section\" data-settings=\"{&quot;enabled_visibility&quot;:&quot;yes&quot;,&quot;dce_visibility_selected&quot;:&quot;yes&quot;}\">\n\t\t\t\t\t\t<div class=\"elementor-container elementor-column-gap-default\">\n\t\t\t\t\t<div class=\"elementor-column elementor-col-100 elementor-top-column elementor-element elementor-element-303eb63\" data-id=\"303eb63\" data-element_type=\"column\" data-e-type=\"column\">\n\t\t\t<div class=\"elementor-widget-wrap elementor-element-populated\">\n\t\t\t\t\t\t<div data-dce-advanced-background-color=\"#F1F1F1\" class=\"elementor-element elementor-element-4f70ab9 e-my-account-tabs-vertical elementor-widget elementor-widget-woocommerce-my-account\" data-id=\"4f70ab9\" data-element_type=\"widget\" data-e-type=\"widget\" data-widget_type=\"woocommerce-my-account.default\">\n\t\t\t\t<div class=\"elementor-widget-container\">\n\t\t\t\t\t<div class=\"e-my-account-tab e-my-account-tab__ \">\t\t\t<div class=\"woocommerce\"><div class=\"woocommerce-notices-wrapper\"><\/div>\n\n\t\t<h2>Login<\/h2>\n\n\t\t<form class=\"woocommerce-form woocommerce-form-login login\" method=\"post\" novalidate>\n\n\t\t\t\n\t\t\t<p class=\"woocommerce-form-row woocommerce-form-row--wide form-row form-row-wide\">\n\t\t\t\t<label for=\"username\">Username or email address&nbsp;<span class=\"required\" aria-hidden=\"true\">*<\/span><span class=\"screen-reader-text\">Required<\/span><\/label>\n\t\t\t\t<input type=\"text\" class=\"woocommerce-Input woocommerce-Input--text input-text\" name=\"username\" id=\"username\" autocomplete=\"username\" value=\"\" required aria-required=\"true\" \/>\t\t\t<\/p>\n\t\t\t<p class=\"woocommerce-form-row woocommerce-form-row--wide form-row form-row-wide\">\n\t\t\t\t<label for=\"password\">Password&nbsp;<span class=\"required\" aria-hidden=\"true\">*<\/span><span class=\"screen-reader-text\">Required<\/span><\/label>\n\t\t\t\t<input class=\"woocommerce-Input woocommerce-Input--text input-text\" type=\"password\" name=\"password\" id=\"password\" autocomplete=\"current-password\" required aria-required=\"true\" \/>\n\t\t\t<\/p>\n\n\t\t\t\n\t\t\t<p class=\"form-row\">\n\t\t\t\t<label class=\"woocommerce-form__label woocommerce-form__label-for-checkbox woocommerce-form-login__rememberme\">\n\t\t\t\t\t<input class=\"woocommerce-form__input woocommerce-form__input-checkbox\" name=\"rememberme\" type=\"checkbox\" id=\"rememberme\" value=\"forever\" \/> <span>Remember me<\/span>\n\t\t\t\t<\/label>\n\t\t\t\t<input type=\"hidden\" id=\"woocommerce-login-nonce\" name=\"woocommerce-login-nonce\" value=\"44ec4dda0e\" \/><input type=\"hidden\" name=\"_wp_http_referer\" value=\"\/en\/wp-json\/wp\/v2\/pages\/24053\" \/>\t\t\t\t<button type=\"submit\" class=\"woocommerce-button button woocommerce-form-login__submit\" name=\"login\" value=\"Log in\">Log in<\/button>\n\t\t\t<\/p>\n\t\t\t<p class=\"woocommerce-LostPassword lost_password\">\n\t\t\t\t<a href=\"https:\/\/estulin.media\/en\/my-account\/lost-password\/\">Lost your password?<\/a>\n\t\t\t<\/p>\n\n\t\t\t\n\t\t<\/form>\n\n\n<\/div>\t\t<\/div>\n\t\t\t\t\t\t<\/div>\n\t\t\t\t<\/div>\n\t\t\t\t\t<\/div>\n\t\t<\/div>\n\t\t\t\t\t<\/div>\n\t\t<\/section>\n\t\t\t\t<\/div>\n\t\t","protected":false},"excerpt":{"rendered":"<p>My account Login Username or email address&nbsp;*Required Password&nbsp;*Required Remember me Log in Lost your password? Acceder Nombre de usuario o correo electr\u00f3nico&nbsp;* Contrase\u00f1a&nbsp;* Recu\u00e9rdame Acceso \u00bfOlvidaste la contrase\u00f1a?<\/p>\n","protected":false},"author":7189,"featured_media":0,"parent":0,"menu_order":0,"comment_status":"closed","ping_status":"closed","template":"","meta":{"_acf_changed":false,"footnotes":""},"class_list":["post-24053","page","type-page","status-publish","hentry"],"acf":[],"yoast_head":"<!-- This site is optimized with the Yoast SEO Premium plugin v19.6 (Yoast SEO v27.4) - https:\/\/yoast.com\/product\/yoast-seo-premium-wordpress\/ -->\n<title>My account - Estulin.Media<\/title>\n<meta name=\"robots\" content=\"index, follow, max-snippet:-1, max-image-preview:large, max-video-preview:-1\" \/>\n<link rel=\"canonical\" href=\"https:\/\/estulin.media\/en\/my-account\/\" \/>\n<meta property=\"og:locale\" content=\"en_US\" \/>\n<meta property=\"og:type\" content=\"article\" \/>\n<meta property=\"og:title\" content=\"My account\" \/>\n<meta property=\"og:description\" content=\"My account Login Username or email address&nbsp;*Required Password&nbsp;*Required Remember me Log in Lost your password? Acceder Nombre de usuario o correo electr\u00f3nico&nbsp;* Contrase\u00f1a&nbsp;* Recu\u00e9rdame Acceso \u00bfOlvidaste la contrase\u00f1a?\" \/>\n<meta property=\"og:url\" content=\"https:\/\/estulin.media\/en\/my-account\/\" \/>\n<meta property=\"og:site_name\" content=\"Estulin.Media\" \/>\n<meta property=\"article:modified_time\" content=\"2024-03-23T19:02:40+00:00\" \/>\n<meta name=\"twitter:card\" content=\"summary_large_image\" \/>\n<script type=\"application\/ld+json\" class=\"yoast-schema-graph\">{\"@context\":\"https:\\\/\\\/schema.org\",\"@graph\":[{\"@type\":\"WebPage\",\"@id\":\"https:\\\/\\\/estulin.media\\\/en\\\/my-account\\\/\",\"url\":\"https:\\\/\\\/estulin.media\\\/en\\\/my-account\\\/\",\"name\":\"My account - Estulin.Media\",\"isPartOf\":{\"@id\":\"https:\\\/\\\/estulin.media\\\/#website\"},\"datePublished\":\"2022-09-02T01:21:41+00:00\",\"dateModified\":\"2024-03-23T19:02:40+00:00\",\"breadcrumb\":{\"@id\":\"https:\\\/\\\/estulin.media\\\/en\\\/my-account\\\/#breadcrumb\"},\"inLanguage\":\"en-US\",\"potentialAction\":[{\"@type\":\"ReadAction\",\"target\":[\"https:\\\/\\\/estulin.media\\\/en\\\/my-account\\\/\"]}]},{\"@type\":\"BreadcrumbList\",\"@id\":\"https:\\\/\\\/estulin.media\\\/en\\\/my-account\\\/#breadcrumb\",\"itemListElement\":[{\"@type\":\"ListItem\",\"position\":1,\"name\":\"Portada\",\"item\":\"https:\\\/\\\/estulin.media\\\/\"},{\"@type\":\"ListItem\",\"position\":2,\"name\":\"My account\"}]},{\"@type\":\"WebSite\",\"@id\":\"https:\\\/\\\/estulin.media\\\/#website\",\"url\":\"https:\\\/\\\/estulin.media\\\/\",\"name\":\"Estulin.Media\",\"description\":\"Tras 25 a\u00f1os en la KGB, Daniel ESTULIN presenta ESTULIN MEDIA. La plataforma donde tienes toda la informaci\u00f3n del futuro al alcance de tu mano.\",\"publisher\":{\"@id\":\"https:\\\/\\\/estulin.media\\\/#organization\"},\"potentialAction\":[{\"@type\":\"SearchAction\",\"target\":{\"@type\":\"EntryPoint\",\"urlTemplate\":\"https:\\\/\\\/estulin.media\\\/?s={search_term_string}\"},\"query-input\":{\"@type\":\"PropertyValueSpecification\",\"valueRequired\":true,\"valueName\":\"search_term_string\"}}],\"inLanguage\":\"en-US\"},{\"@type\":\"Organization\",\"@id\":\"https:\\\/\\\/estulin.media\\\/#organization\",\"name\":\"Estulin.Media\",\"url\":\"https:\\\/\\\/estulin.media\\\/\",\"logo\":{\"@type\":\"ImageObject\",\"inLanguage\":\"en-US\",\"@id\":\"https:\\\/\\\/estulin.media\\\/#\\\/schema\\\/logo\\\/image\\\/\",\"url\":\"https:\\\/\\\/wn15d3.p3cdn1.secureserver.net\\\/wp-content\\\/uploads\\\/2022\\\/10\\\/WhatsApp-Image-2022-09-25-at-12.27.03-PM.jpeg?time=1666025761\",\"contentUrl\":\"https:\\\/\\\/wn15d3.p3cdn1.secureserver.net\\\/wp-content\\\/uploads\\\/2022\\\/10\\\/WhatsApp-Image-2022-09-25-at-12.27.03-PM.jpeg?time=1666025761\",\"width\":1280,\"height\":1280,\"caption\":\"Estulin.Media\"},\"image\":{\"@id\":\"https:\\\/\\\/estulin.media\\\/#\\\/schema\\\/logo\\\/image\\\/\"}}]}<\/script>\n<!-- \/ Yoast SEO Premium plugin. -->","yoast_head_json":{"title":"My account - Estulin.Media","robots":{"index":"index","follow":"follow","max-snippet":"max-snippet:-1","max-image-preview":"max-image-preview:large","max-video-preview":"max-video-preview:-1"},"canonical":"https:\/\/estulin.media\/en\/my-account\/","og_locale":"en_US","og_type":"article","og_title":"My account","og_description":"My account Login Username or email address&nbsp;*Required Password&nbsp;*Required Remember me Log in Lost your password? Acceder Nombre de usuario o correo electr\u00f3nico&nbsp;* Contrase\u00f1a&nbsp;* Recu\u00e9rdame Acceso \u00bfOlvidaste la contrase\u00f1a?","og_url":"https:\/\/estulin.media\/en\/my-account\/","og_site_name":"Estulin.Media","article_modified_time":"2024-03-23T19:02:40+00:00","twitter_card":"summary_large_image","schema":{"@context":"https:\/\/schema.org","@graph":[{"@type":"WebPage","@id":"https:\/\/estulin.media\/en\/my-account\/","url":"https:\/\/estulin.media\/en\/my-account\/","name":"My account - Estulin.Media","isPartOf":{"@id":"https:\/\/estulin.media\/#website"},"datePublished":"2022-09-02T01:21:41+00:00","dateModified":"2024-03-23T19:02:40+00:00","breadcrumb":{"@id":"https:\/\/estulin.media\/en\/my-account\/#breadcrumb"},"inLanguage":"en-US","potentialAction":[{"@type":"ReadAction","target":["https:\/\/estulin.media\/en\/my-account\/"]}]},{"@type":"BreadcrumbList","@id":"https:\/\/estulin.media\/en\/my-account\/#breadcrumb","itemListElement":[{"@type":"ListItem","position":1,"name":"Portada","item":"https:\/\/estulin.media\/"},{"@type":"ListItem","position":2,"name":"My account"}]},{"@type":"WebSite","@id":"https:\/\/estulin.media\/#website","url":"https:\/\/estulin.media\/","name":"Estulin.Media","description":"Tras 25 a\u00f1os en la KGB, Daniel ESTULIN presenta ESTULIN MEDIA. La plataforma donde tienes toda la informaci\u00f3n del futuro al alcance de tu mano.","publisher":{"@id":"https:\/\/estulin.media\/#organization"},"potentialAction":[{"@type":"SearchAction","target":{"@type":"EntryPoint","urlTemplate":"https:\/\/estulin.media\/?s={search_term_string}"},"query-input":{"@type":"PropertyValueSpecification","valueRequired":true,"valueName":"search_term_string"}}],"inLanguage":"en-US"},{"@type":"Organization","@id":"https:\/\/estulin.media\/#organization","name":"Estulin.Media","url":"https:\/\/estulin.media\/","logo":{"@type":"ImageObject","inLanguage":"en-US","@id":"https:\/\/estulin.media\/#\/schema\/logo\/image\/","url":"https:\/\/wn15d3.p3cdn1.secureserver.net\/wp-content\/uploads\/2022\/10\/WhatsApp-Image-2022-09-25-at-12.27.03-PM.jpeg?time=1666025761","contentUrl":"https:\/\/wn15d3.p3cdn1.secureserver.net\/wp-content\/uploads\/2022\/10\/WhatsApp-Image-2022-09-25-at-12.27.03-PM.jpeg?time=1666025761","width":1280,"height":1280,"caption":"Estulin.Media"},"image":{"@id":"https:\/\/estulin.media\/#\/schema\/logo\/image\/"}}]}},"_links":{"self":[{"href":"https:\/\/estulin.media\/en\/wp-json\/wp\/v2\/pages\/24053","targetHints":{"allow":["GET"]}}],"collection":[{"href":"https:\/\/estulin.media\/en\/wp-json\/wp\/v2\/pages"}],"about":[{"href":"https:\/\/estulin.media\/en\/wp-json\/wp\/v2\/types\/page"}],"author":[{"embeddable":true,"href":"https:\/\/estulin.media\/en\/wp-json\/wp\/v2\/users\/7189"}],"replies":[{"embeddable":true,"href":"https:\/\/estulin.media\/en\/wp-json\/wp\/v2\/comments?post=24053"}],"version-history":[{"count":1,"href":"https:\/\/estulin.media\/en\/wp-json\/wp\/v2\/pages\/24053\/revisions"}],"predecessor-version":[{"id":24055,"href":"https:\/\/estulin.media\/en\/wp-json\/wp\/v2\/pages\/24053\/revisions\/24055"}],"wp:attachment":[{"href":"https:\/\/estulin.media\/en\/wp-json\/wp\/v2\/media?parent=24053"}],"curies":[{"name":"wp","href":"https:\/\/api.w.org\/{rel}","templated":true}]}}